{"id":23,"date":"2024-02-09T22:18:10","date_gmt":"2024-02-09T22:18:10","guid":{"rendered":"https:\/\/gerhardklassen.com\/?page_id=23"},"modified":"2026-01-31T22:37:29","modified_gmt":"2026-01-31T22:37:29","slug":"contacto","status":"publish","type":"page","link":"https:\/\/gerhardklassen.com\/es\/kontakt\/","title":{"rendered":"Contacto"},"content":{"rendered":"<style>.elementor-23 .elementor-element.elementor-element-ba67f56{--display:flex;--min-height:650px;--flex-direction:row;--container-widget-width:initial;--container-widget-height:100%;--container-widget-flex-grow:1;--container-widget-align-self:stretch;--flex-wrap-mobile:wrap;--gap:0px 0px;--row-gap:0px;--column-gap:0px;--padding-top:0px;--padding-bottom:0px;--padding-left:0px;--padding-right:0px;}.elementor-23 .elementor-element.elementor-element-51d5225{--display:flex;--flex-direction:column;--container-widget-width:100%;--container-widget-height:initial;--container-widget-flex-grow:0;--container-widget-align-self:initial;--flex-wrap-mobile:wrap;--gap:0px 0px;--row-gap:0px;--column-gap:0px;--padding-top:0px;--padding-bottom:0px;--padding-left:0px;--padding-right:0px;}.elementor-23 .elementor-element.elementor-element-51d5225:not(.elementor-motion-effects-element-type-background), .elementor-23 .elementor-element.elementor-element-51d5225 > .elementor-motion-effects-container > .elementor-motion-effects-layer{background-image:url(\"https:\/\/gerhardklassen.com\/wp-content\/uploads\/2024\/08\/Kein-Titel-1080-x-1080-px.png\");background-position:bottom center;background-repeat:no-repeat;background-size:cover;}.elementor-23 .elementor-element.elementor-element-0fb282c{--display:flex;--flex-direction:column;--container-widget-width:100%;--container-widget-height:initial;--container-widget-flex-grow:0;--container-widget-align-self:initial;--flex-wrap-mobile:wrap;--justify-content:center;--gap:30px 0px;--row-gap:30px;--column-gap:0px;--padding-top:80px;--padding-bottom:80px;--padding-left:80px;--padding-right:80px;}.elementor-23 .elementor-element.elementor-element-0fb282c:not(.elementor-motion-effects-element-type-background), .elementor-23 .elementor-element.elementor-element-0fb282c > .elementor-motion-effects-container > .elementor-motion-effects-layer{background-color:var( --e-global-color-text );}.elementor-23 .elementor-element.elementor-element-4893082 .elementor-heading-title{color:var( --e-global-color-secondary );}.elementor-23 .elementor-element.elementor-element-1d30548{color:var( --e-global-color-1f7c696 );}.elementor-23 .elementor-element.elementor-element-a1f3456 .elementor-button-content-wrapper{flex-direction:row-reverse;}.elementor-23 .elementor-element.elementor-element-a1f3456 .elementor-button span{gap:10px;}.elementor-23 .elementor-element.elementor-element-a1f3456 .elementor-field-group{padding-right:calc( 20px\/2 );padding-left:calc( 20px\/2 );margin-bottom:20px;}.elementor-23 .elementor-element.elementor-element-a1f3456 .elementor-form-fields-wrapper{margin-left:calc( -20px\/2 );margin-right:calc( -20px\/2 );margin-bottom:-20px;}.elementor-23 .elementor-element.elementor-element-a1f3456 .elementor-field-group.recaptcha_v3-bottomleft, .elementor-23 .elementor-element.elementor-element-a1f3456 .elementor-field-group.recaptcha_v3-bottomright{margin-bottom:0;}.elementor-23 .elementor-element.elementor-element-a1f3456 .elementor-field-group > label, .elementor-23 .elementor-element.elementor-element-a1f3456 .elementor-field-subgroup label{color:var( --e-global-color-secondary );}.elementor-23 .elementor-element.elementor-element-a1f3456 .elementor-field-type-html{padding-bottom:0px;color:var( --e-global-color-9e41e9e );}.elementor-23 .elementor-element.elementor-element-a1f3456 .elementor-field-group .elementor-field:not(.elementor-select-wrapper){background-color:var( --e-global-color-9e41e9e );}.elementor-23 .elementor-element.elementor-element-a1f3456 .elementor-field-group .elementor-select-wrapper select{background-color:var( --e-global-color-9e41e9e );}.elementor-23 .elementor-element.elementor-element-a1f3456 .e-form__buttons__wrapper__button-next{background-color:var( --e-global-color-secondary );color:var( --e-global-color-9e41e9e );}.elementor-23 .elementor-element.elementor-element-a1f3456 .elementor-button[type=\"submit\"]{background-color:var( --e-global-color-secondary );color:var( --e-global-color-9e41e9e );}.elementor-23 .elementor-element.elementor-element-a1f3456 .elementor-button[type=\"submit\"] svg *{fill:var( --e-global-color-9e41e9e );}.elementor-23 .elementor-element.elementor-element-a1f3456 .e-form__buttons__wrapper__button-previous{color:#ffffff;}.elementor-23 .elementor-element.elementor-element-a1f3456 .e-form__buttons__wrapper__button-next:hover{background-color:var( --e-global-color-accent );color:var( --e-global-color-secondary );}.elementor-23 .elementor-element.elementor-element-a1f3456 .elementor-button[type=\"submit\"]:hover{background-color:var( --e-global-color-accent );color:var( --e-global-color-secondary );}.elementor-23 .elementor-element.elementor-element-a1f3456 .elementor-button[type=\"submit\"]:hover svg *{fill:var( --e-global-color-secondary );}.elementor-23 .elementor-element.elementor-element-a1f3456{--e-form-steps-indicators-spacing:20px;--e-form-steps-indicator-padding:30px;--e-form-steps-indicator-inactive-secondary-color:#ffffff;--e-form-steps-indicator-active-secondary-color:#ffffff;--e-form-steps-indicator-completed-secondary-color:#ffffff;--e-form-steps-divider-width:1px;--e-form-steps-divider-gap:10px;}:root{--page-title-display:none;}@media(min-width:768px){.elementor-23 .elementor-element.elementor-element-51d5225{--width:45%;}.elementor-23 .elementor-element.elementor-element-0fb282c{--width:55%;}}@media(max-width:1103px) and (min-width:768px){.elementor-23 .elementor-element.elementor-element-51d5225{--width:100%;}.elementor-23 .elementor-element.elementor-element-0fb282c{--width:100%;}}@media(max-width:1103px){.elementor-23 .elementor-element.elementor-element-ba67f56{--flex-direction:column;--container-widget-width:100%;--container-widget-height:initial;--container-widget-flex-grow:0;--container-widget-align-self:initial;--flex-wrap-mobile:wrap;}.elementor-23 .elementor-element.elementor-element-51d5225{--min-height:500px;}}@media(max-width:767px){.elementor-23 .elementor-element.elementor-element-51d5225{--min-height:350px;}.elementor-23 .elementor-element.elementor-element-51d5225:not(.elementor-motion-effects-element-type-background), .elementor-23 .elementor-element.elementor-element-51d5225 > .elementor-motion-effects-container > .elementor-motion-effects-layer{background-image:url(\"https:\/\/gerhardklassen.com\/wp-content\/uploads\/2024\/08\/Kein-Titel-1080-x-1080-px.png\");background-size:cover;}.elementor-23 .elementor-element.elementor-element-0fb282c{--padding-top:50px;--padding-bottom:50px;--padding-left:10px;--padding-right:10px;}.elementor-23 .elementor-element.elementor-element-1d30548{font-size:18px;}}<\/style>\t\t<div data-elementor-type=\"wp-page\" data-elementor-id=\"23\" class=\"elementor elementor-23\" data-elementor-post-type=\"page\">\n\t\t\t\t<div class=\"elementor-element elementor-element-ba67f56 e-con-full e-flex e-con e-parent\" data-id=\"ba67f56\" data-element_type=\"container\" data-e-type=\"container\" data-settings=\"{&quot;background_background&quot;:&quot;classic&quot;}\">\n\t\t<div class=\"elementor-element elementor-element-51d5225 e-con-full e-flex elementor-invisible e-con e-child\" data-id=\"51d5225\" data-element_type=\"container\" data-e-type=\"container\" data-settings=\"{&quot;background_background&quot;:&quot;classic&quot;,&quot;animation&quot;:&quot;fadeInLeft&quot;}\">\n\t\t\t\t<\/div>\n\t\t<div class=\"elementor-element elementor-element-0fb282c e-con-full e-flex elementor-invisible e-con e-child\" data-id=\"0fb282c\" data-element_type=\"container\" data-e-type=\"container\" data-settings=\"{&quot;background_background&quot;:&quot;classic&quot;,&quot;animation&quot;:&quot;fadeInRight&quot;}\">\n\t\t\t\t<div class=\"elementor-element elementor-element-4893082 elementor-widget elementor-widget-heading\" data-id=\"4893082\" data-element_type=\"widget\" data-e-type=\"widget\" data-widget_type=\"heading.default\">\n\t\t\t\t<div class=\"elementor-widget-container\">\n\t\t\t\t\t<h1 class=\"elementor-heading-title elementor-size-default\">Kontakt<\/h1>\t\t\t\t<\/div>\n\t\t\t\t<\/div>\n\t\t\t\t<div class=\"elementor-element elementor-element-1d30548 elementor-widget elementor-widget-text-editor\" data-id=\"1d30548\" data-element_type=\"widget\" data-e-type=\"widget\" data-widget_type=\"text-editor.default\">\n\t\t\t\t<div class=\"elementor-widget-container\">\n\t\t\t\t\t\t\t\t\t<p>Wenn du Fragen zu <em>Musikwelten erkunden<\/em> hast, Dich f\u00fcr Klavierunterricht interessierst oder einfach nur deine Liebe zur klassischen Musik teilen m\u00f6chtest, dann w\u00fcrde ich mich freuen, von dir zu h\u00f6ren!<\/p>\t\t\t\t\t\t\t\t<\/div>\n\t\t\t\t<\/div>\n\t\t\t\t<div class=\"elementor-element elementor-element-a1f3456 elementor-button-align-stretch elementor-widget elementor-widget-form\" data-id=\"a1f3456\" data-element_type=\"widget\" data-e-type=\"widget\" data-settings=\"{&quot;step_next_label&quot;:&quot;Siguiente&quot;,&quot;step_previous_label&quot;:&quot;Anterior&quot;,&quot;button_width&quot;:&quot;100&quot;,&quot;step_type&quot;:&quot;number_text&quot;,&quot;step_icon_shape&quot;:&quot;circle&quot;}\" data-widget_type=\"form.default\">\n\t\t\t\t<div class=\"elementor-widget-container\">\n\t\t\t\t\t\t\t<form class=\"elementor-form\" method=\"post\" name=\"CONTACTO\" aria-label=\"CONTACTO\">\n\t\t\t<input type=\"hidden\" name=\"post_id\" value=\"23\"\/>\n\t\t\t<input type=\"hidden\" name=\"form_id\" value=\"a1f3456\"\/>\n\t\t\t<input type=\"hidden\" name=\"referer_title\" value=\"Kontakt - Gerhard Klassen\" \/>\n\n\t\t\t\t\t\t\t<input type=\"hidden\" name=\"queried_id\" value=\"23\"\/>\n\t\t\t\n\t\t\t<div class=\"elementor-form-fields-wrapper elementor-labels-above\">\n\t\t\t\t\t\t\t\t<div class=\"elementor-field-type-text elementor-field-group elementor-column elementor-field-group-nombre elementor-col-50 elementor-field-required elementor-mark-required\">\n\t\t\t\t\t\t\t\t\t\t\t\t<label for=\"form-field-nombre\" class=\"elementor-field-label\">\n\t\t\t\t\t\t\t\tName\t\t\t\t\t\t\t<\/label>\n\t\t\t\t\t\t\t\t\t\t\t\t\t\t<input size=\"1\" type=\"text\" name=\"form_fields[nombre]\" id=\"form-field-nombre\" class=\"elementor-field elementor-size-sm  elementor-field-textual\" required=\"required\">\n\t\t\t\t\t\t\t\t\t\t\t<\/div>\n\t\t\t\t\t\t\t\t<div class=\"elementor-field-type-email elementor-field-group elementor-column elementor-field-group-email elementor-col-50 elementor-field-required elementor-mark-required\">\n\t\t\t\t\t\t\t\t\t\t\t\t<label for=\"form-field-email\" class=\"elementor-field-label\">\n\t\t\t\t\t\t\t\tEmail\t\t\t\t\t\t\t<\/label>\n\t\t\t\t\t\t\t\t\t\t\t\t\t\t<input size=\"1\" type=\"email\" name=\"form_fields[email]\" id=\"form-field-email\" class=\"elementor-field elementor-size-sm  elementor-field-textual\" required=\"required\">\n\t\t\t\t\t\t\t\t\t\t\t<\/div>\n\t\t\t\t\t\t\t\t<div class=\"elementor-field-type-textarea elementor-field-group elementor-column elementor-field-group-mensaje elementor-col-100 elementor-field-required elementor-mark-required\">\n\t\t\t\t\t\t\t\t\t\t\t\t<label for=\"form-field-mensaje\" class=\"elementor-field-label\">\n\t\t\t\t\t\t\t\tMitteilung\t\t\t\t\t\t\t<\/label>\n\t\t\t\t\t\t<textarea class=\"elementor-field-textual elementor-field  elementor-size-sm\" name=\"form_fields[mensaje]\" id=\"form-field-mensaje\" rows=\"4\" required=\"required\"><\/textarea>\t\t\t\t<\/div>\n\t\t\t\t\t\t\t\t<div class=\"elementor-field-type-acceptance elementor-field-group elementor-column elementor-field-group-field_cbab242 elementor-col-100 elementor-field-required elementor-mark-required\">\n\t\t\t\t\t\t\t<div class=\"elementor-field-subgroup\">\n\t\t\t<span class=\"elementor-field-option\">\n\t\t\t\t<input type=\"checkbox\" name=\"form_fields[field_cbab242]\" id=\"form-field-field_cbab242\" class=\"elementor-field elementor-size-sm  elementor-acceptance-field\" required=\"required\" checked=\"checked\">\n\t\t\t\t<label for=\"form-field-field_cbab242\">Ich habe die <a href=\"https:\/\/gerhardklassen.com\/datenschutz\/\" target=\"_blank\">Datenschutzerkl\u00e4rung<\/a> gelesen und akzeptiere sie.<\/label>\t\t\t<\/span>\n\t\t<\/div>\n\t\t\t\t\t\t<\/div>\n\t\t\t\t\t\t\t\t<div class=\"elementor-field-type-recaptcha_v3 elementor-field-group elementor-column elementor-field-group-field_b1f1411 elementor-col-100 recaptcha_v3-bottomright\">\n\t\t\t\t\t<div class=\"elementor-field\" id=\"form-field-field_b1f1411\"><div class=\"elementor-g-recaptcha\" data-sitekey=\"6LflPZYpAAAAADlG56p-yhJW6OatF8xq4ztzm86a\" data-type=\"v3\" data-action=\"Form\" data-badge=\"bottomright\" data-size=\"invisible\"><\/div><\/div>\t\t\t\t<\/div>\n\t\t\t\t\t\t\t\t<div class=\"elementor-field-group elementor-column elementor-field-type-submit elementor-col-100 e-form__buttons\">\n\t\t\t\t\t<button class=\"elementor-button elementor-size-sm\" type=\"submit\">\n\t\t\t\t\t\t<span class=\"elementor-button-content-wrapper\">\n\t\t\t\t\t\t\t\t\t\t\t\t\t\t\t<span class=\"elementor-button-icon\">\n\t\t\t\t\t\t\t\t\t<i aria-hidden=\"true\" class=\"jki jki-arrow-right-solid\"><\/i>\t\t\t\t\t\t\t\t\t\t\t\t\t\t\t\t\t<\/span>\n\t\t\t\t\t\t\t\t\t\t\t\t\t\t\t\t\t\t\t\t\t\t<span class=\"elementor-button-text\">Senden<\/span>\n\t\t\t\t\t\t\t\t\t\t\t\t\t<\/span>\n\t\t\t\t\t<\/button>\n\t\t\t\t<\/div>\n\t\t\t<\/div>\n\t\t<\/form>\n\t\t\t\t\t\t<\/div>\n\t\t\t\t<\/div>\n\t\t\t\t<\/div>\n\t\t\t\t<\/div>\n\t\t\t\t<\/div>\n\t\t","protected":false},"excerpt":{"rendered":"<p>Kontakt Wenn du Fragen zu Musikwelten erkunden hast, Dich f\u00fcr Klavierunterricht interessierst oder einfach nur deine Liebe zur klassischen Musik teilen m\u00f6chtest, dann w\u00fcrde ich mich freuen, von dir zu h\u00f6ren!<\/p>","protected":false},"author":80,"featured_media":0,"parent":0,"menu_order":7,"comment_status":"closed","ping_status":"closed","template":"elementor_header_footer","meta":{"footnotes":""},"class_list":["post-23","page","type-page","status-publish","hentry"],"yoast_head":"<!-- This site is optimized with the Yoast SEO plugin v26.8 - https:\/\/yoast.com\/product\/yoast-seo-wordpress\/ -->\n<title>Kontakt - Gerhard Klassen<\/title>\n<meta name=\"robots\" content=\"index, follow, max-snippet:-1, max-image-preview:large, max-video-preview:-1\" \/>\n<link rel=\"canonical\" href=\"https:\/\/gerhardklassen.com\/es\/kontakt\/\" \/>\n<meta property=\"og:locale\" content=\"es_ES\" \/>\n<meta property=\"og:type\" content=\"article\" \/>\n<meta property=\"og:title\" content=\"Kontakt - Gerhard Klassen\" \/>\n<meta property=\"og:description\" content=\"Kontakt Wenn du Fragen zu Musikwelten erkunden hast, Dich f\u00fcr Klavierunterricht interessierst oder einfach nur deine Liebe zur klassischen Musik teilen m\u00f6chtest, dann w\u00fcrde ich mich freuen, von dir zu h\u00f6ren!\" \/>\n<meta property=\"og:url\" content=\"https:\/\/gerhardklassen.com\/es\/kontakt\/\" \/>\n<meta property=\"og:site_name\" content=\"Gerhard Klassen\" \/>\n<meta property=\"article:modified_time\" content=\"2026-01-31T22:37:29+00:00\" \/>\n<meta name=\"twitter:card\" content=\"summary_large_image\" \/>\n<meta name=\"twitter:label1\" content=\"Tiempo de lectura\" \/>\n\t<meta name=\"twitter:data1\" content=\"1 minuto\" \/>\n<script type=\"application\/ld+json\" class=\"yoast-schema-graph\">{\"@context\":\"https:\/\/schema.org\",\"@graph\":[{\"@type\":\"WebPage\",\"@id\":\"https:\/\/gerhardklassen.com\/kontakt\/\",\"url\":\"https:\/\/gerhardklassen.com\/kontakt\/\",\"name\":\"Kontakt - Gerhard Klassen\",\"isPartOf\":{\"@id\":\"https:\/\/gerhardklassen.com\/#website\"},\"datePublished\":\"2024-02-09T22:18:10+00:00\",\"dateModified\":\"2026-01-31T22:37:29+00:00\",\"breadcrumb\":{\"@id\":\"https:\/\/gerhardklassen.com\/kontakt\/#breadcrumb\"},\"inLanguage\":\"es\",\"potentialAction\":[{\"@type\":\"ReadAction\",\"target\":[\"https:\/\/gerhardklassen.com\/kontakt\/\"]}]},{\"@type\":\"BreadcrumbList\",\"@id\":\"https:\/\/gerhardklassen.com\/kontakt\/#breadcrumb\",\"itemListElement\":[{\"@type\":\"ListItem\",\"position\":1,\"name\":\"Portada\",\"item\":\"https:\/\/gerhardklassen.com\/\"},{\"@type\":\"ListItem\",\"position\":2,\"name\":\"Kontakt\"}]},{\"@type\":\"WebSite\",\"@id\":\"https:\/\/gerhardklassen.com\/#website\",\"url\":\"https:\/\/gerhardklassen.com\/\",\"name\":\"Gerhard Klassen\",\"description\":\"Musikwelten erkunden\",\"publisher\":{\"@id\":\"https:\/\/gerhardklassen.com\/#organization\"},\"potentialAction\":[{\"@type\":\"SearchAction\",\"target\":{\"@type\":\"EntryPoint\",\"urlTemplate\":\"https:\/\/gerhardklassen.com\/?s={search_term_string}\"},\"query-input\":{\"@type\":\"PropertyValueSpecification\",\"valueRequired\":true,\"valueName\":\"search_term_string\"}}],\"inLanguage\":\"es\"},{\"@type\":\"Organization\",\"@id\":\"https:\/\/gerhardklassen.com\/#organization\",\"name\":\"Gerhard Klassen\",\"url\":\"https:\/\/gerhardklassen.com\/\",\"logo\":{\"@type\":\"ImageObject\",\"inLanguage\":\"es\",\"@id\":\"https:\/\/gerhardklassen.com\/#\/schema\/logo\/image\/\",\"url\":\"https:\/\/gerhardklassen.com\/wp-content\/uploads\/2024\/04\/4.png\",\"contentUrl\":\"https:\/\/gerhardklassen.com\/wp-content\/uploads\/2024\/04\/4.png\",\"width\":500,\"height\":500,\"caption\":\"Gerhard Klassen\"},\"image\":{\"@id\":\"https:\/\/gerhardklassen.com\/#\/schema\/logo\/image\/\"}}]}<\/script>\n<!-- \/ Yoast SEO plugin. -->","yoast_head_json":{"title":"Kontakt - Gerhard Klassen","robots":{"index":"index","follow":"follow","max-snippet":"max-snippet:-1","max-image-preview":"max-image-preview:large","max-video-preview":"max-video-preview:-1"},"canonical":"https:\/\/gerhardklassen.com\/es\/kontakt\/","og_locale":"es_ES","og_type":"article","og_title":"Kontakt - Gerhard Klassen","og_description":"Kontakt Wenn du Fragen zu Musikwelten erkunden hast, Dich f\u00fcr Klavierunterricht interessierst oder einfach nur deine Liebe zur klassischen Musik teilen m\u00f6chtest, dann w\u00fcrde ich mich freuen, von dir zu h\u00f6ren!","og_url":"https:\/\/gerhardklassen.com\/es\/kontakt\/","og_site_name":"Gerhard Klassen","article_modified_time":"2026-01-31T22:37:29+00:00","twitter_card":"summary_large_image","twitter_misc":{"Tiempo de lectura":"1 minuto"},"schema":{"@context":"https:\/\/schema.org","@graph":[{"@type":"WebPage","@id":"https:\/\/gerhardklassen.com\/kontakt\/","url":"https:\/\/gerhardklassen.com\/kontakt\/","name":"Kontakt - Gerhard Klassen","isPartOf":{"@id":"https:\/\/gerhardklassen.com\/#website"},"datePublished":"2024-02-09T22:18:10+00:00","dateModified":"2026-01-31T22:37:29+00:00","breadcrumb":{"@id":"https:\/\/gerhardklassen.com\/kontakt\/#breadcrumb"},"inLanguage":"es","potentialAction":[{"@type":"ReadAction","target":["https:\/\/gerhardklassen.com\/kontakt\/"]}]},{"@type":"BreadcrumbList","@id":"https:\/\/gerhardklassen.com\/kontakt\/#breadcrumb","itemListElement":[{"@type":"ListItem","position":1,"name":"Portada","item":"https:\/\/gerhardklassen.com\/"},{"@type":"ListItem","position":2,"name":"Kontakt"}]},{"@type":"WebSite","@id":"https:\/\/gerhardklassen.com\/#website","url":"https:\/\/gerhardklassen.com\/","name":"Gerhard Klassen","description":"Musikwelten erkunden","publisher":{"@id":"https:\/\/gerhardklassen.com\/#organization"},"potentialAction":[{"@type":"SearchAction","target":{"@type":"EntryPoint","urlTemplate":"https:\/\/gerhardklassen.com\/?s={search_term_string}"},"query-input":{"@type":"PropertyValueSpecification","valueRequired":true,"valueName":"search_term_string"}}],"inLanguage":"es"},{"@type":"Organization","@id":"https:\/\/gerhardklassen.com\/#organization","name":"Gerhard Klassen","url":"https:\/\/gerhardklassen.com\/","logo":{"@type":"ImageObject","inLanguage":"es","@id":"https:\/\/gerhardklassen.com\/#\/schema\/logo\/image\/","url":"https:\/\/gerhardklassen.com\/wp-content\/uploads\/2024\/04\/4.png","contentUrl":"https:\/\/gerhardklassen.com\/wp-content\/uploads\/2024\/04\/4.png","width":500,"height":500,"caption":"Gerhard Klassen"},"image":{"@id":"https:\/\/gerhardklassen.com\/#\/schema\/logo\/image\/"}}]}},"_links":{"self":[{"href":"https:\/\/gerhardklassen.com\/es\/wp-json\/wp\/v2\/pages\/23","targetHints":{"allow":["GET"]}}],"collection":[{"href":"https:\/\/gerhardklassen.com\/es\/wp-json\/wp\/v2\/pages"}],"about":[{"href":"https:\/\/gerhardklassen.com\/es\/wp-json\/wp\/v2\/types\/page"}],"author":[{"embeddable":true,"href":"https:\/\/gerhardklassen.com\/es\/wp-json\/wp\/v2\/users\/80"}],"replies":[{"embeddable":true,"href":"https:\/\/gerhardklassen.com\/es\/wp-json\/wp\/v2\/comments?post=23"}],"version-history":[{"count":131,"href":"https:\/\/gerhardklassen.com\/es\/wp-json\/wp\/v2\/pages\/23\/revisions"}],"predecessor-version":[{"id":2668,"href":"https:\/\/gerhardklassen.com\/es\/wp-json\/wp\/v2\/pages\/23\/revisions\/2668"}],"wp:attachment":[{"href":"https:\/\/gerhardklassen.com\/es\/wp-json\/wp\/v2\/media?parent=23"}],"curies":[{"name":"wp","href":"https:\/\/api.w.org\/{rel}","templated":true}]}}