{"id":614,"date":"2024-03-09T10:45:20","date_gmt":"2024-03-09T10:45:20","guid":{"rendered":"https:\/\/gerhardklassen.com\/?page_id=614"},"modified":"2024-05-16T17:39:56","modified_gmt":"2024-05-16T17:39:56","slug":"accessibilidad","status":"publish","type":"page","link":"https:\/\/gerhardklassen.com\/es\/barrierefreiheit\/","title":{"rendered":"Accesibilidad"},"content":{"rendered":"<style>.elementor-614 .elementor-element.elementor-element-c25bac6{--display:flex;--flex-direction:column;--container-widget-width:calc( ( 1 - var( --container-widget-flex-grow ) ) * 100% );--container-widget-height:initial;--container-widget-flex-grow:0;--container-widget-align-self:initial;--flex-wrap-mobile:wrap;--align-items:center;--gap:0px 0px;--row-gap:0px;--column-gap:0px;--padding-top:50px;--padding-bottom:50px;--padding-left:0px;--padding-right:0px;}.elementor-614 .elementor-element.elementor-element-c25bac6:not(.elementor-motion-effects-element-type-background), .elementor-614 .elementor-element.elementor-element-c25bac6 > .elementor-motion-effects-container > .elementor-motion-effects-layer{background-color:var( --e-global-color-secondary );}.elementor-614 .elementor-element.elementor-element-523ce24 .elementor-heading-title{color:var( --e-global-color-9e41e9e );}.elementor-614 .elementor-element.elementor-element-e4adbc1{--display:flex;--flex-direction:column;--container-widget-width:100%;--container-widget-height:initial;--container-widget-flex-grow:0;--container-widget-align-self:initial;--flex-wrap-mobile:wrap;--gap:20px 0px;--row-gap:20px;--column-gap:0px;--padding-top:80px;--padding-bottom:80px;--padding-left:0px;--padding-right:0px;}@media(max-width:1279px){.elementor-614 .elementor-element.elementor-element-c25bac6{--padding-top:40px;--padding-bottom:40px;--padding-left:0px;--padding-right:0px;}.elementor-614 .elementor-element.elementor-element-e4adbc1{--padding-top:80px;--padding-bottom:80px;--padding-left:20px;--padding-right:20px;}}@media(max-width:850px){.elementor-614 .elementor-element.elementor-element-c25bac6{--padding-top:30px;--padding-bottom:30px;--padding-left:0px;--padding-right:0px;}.elementor-614 .elementor-element.elementor-element-e4adbc1{--padding-top:60px;--padding-bottom:60px;--padding-left:20px;--padding-right:20px;}}<\/style>\t\t<div data-elementor-type=\"wp-page\" data-elementor-id=\"614\" class=\"elementor elementor-614\" data-elementor-post-type=\"page\">\n\t\t\t\t<div class=\"elementor-element elementor-element-c25bac6 e-flex e-con-boxed e-con e-parent\" data-id=\"c25bac6\" data-element_type=\"container\" data-e-type=\"container\" data-settings=\"{&quot;background_background&quot;:&quot;classic&quot;}\">\n\t\t\t\t\t<div class=\"e-con-inner\">\n\t\t\t\t\t<\/div>\n\t\t\t\t<\/div>\n\t\t<div class=\"elementor-element elementor-element-e4adbc1 e-flex e-con-boxed e-con e-parent\" data-id=\"e4adbc1\" data-element_type=\"container\" data-e-type=\"container\">\n\t\t\t\t\t<div class=\"e-con-inner\">\n\t\t\t\t<div class=\"elementor-element elementor-element-2785133 elementor-widget elementor-widget-text-editor\" data-id=\"2785133\" data-element_type=\"widget\" data-e-type=\"widget\" data-widget_type=\"text-editor.default\">\n\t\t\t\t<div class=\"elementor-widget-container\">\n\t\t\t\t\t\t\t\t\t<p>Barrierefreiheitserkl\u00e4rung<\/p><p>Der Eigent\u00fcmer der Website hat sich verpflichtet, seine Website in \u00dcbereinstimmung mit dem K\u00f6niglichen Dekret 1112\/2018 vom 7. September \u00fcber die Barrierefreiheit von Websites und mobilen Anwendungen des \u00f6ffentlichen Sektors (im Folgenden: K\u00f6nigliches Dekret 1112\/2018 vom 7. September) zug\u00e4nglich zu machen, durch das die Richtlinie (EU) 2016\/2102 des Europ\u00e4ischen Parlaments und des Rates vom 26. Oktober 2016 umgesetzt wird. Diese Erkl\u00e4rung gilt f\u00fcr diese Website.<\/p><p>\u00dcbereinstimmungsstatus<\/p><p>Diese Website ist teilweise konform mit dem K\u00f6niglichen Dekret 1112\/2018 vom 7. September aufgrund der nachstehend genannten Ausnahmen und Nichtkonformit\u00e4ten.<\/p><p>Nicht zug\u00e4nglicher Inhalt<\/p><p>Der nachstehende Inhalt ist aus folgenden Gr\u00fcnden nicht zug\u00e4nglich:<\/p><p>Nichtkonformit\u00e4t mit dem K\u00f6niglichen Dekret 1112\/2018 vom 7. September:<\/p><ul><li>Einige Bilder sind nicht beschriftet oder haben eine generische Textalternative [Anforderung Nr. 9.1.1.1 der Norm UNE-EN 301549:2019 Nicht-Text-Inhalt]<\/li><li>Einige aufgezeichnete Videos k\u00f6nnen keine Untertitel enthalten [Anforderung Nr. 9.1.2.2 der Norm UNE-EN 301549:2019 Untertitel (aufgezeichnet)]<\/li><li>Einige vorab aufgezeichnete Videos auf der Website verf\u00fcgen nicht \u00fcber Audiodeskription oder alternative Mittel [Anforderungen Nr. 9.1.2.5 und 9.1.2.3 der Norm UNE-EN 301549:2019 Audiodeskription oder alternative Mittel (aufgezeichnet)]<\/li><li>Auf einigen Seiten sind Informationen, Struktur und Beziehungen nicht durch Software bestimmt oder haben keine Textalternative [Anforderung Nr. 9.1.3.1 der Norm UNE-EN 301549:2019 Informationen und Beziehungen]<\/li><li>Auf einigen Seiten wurde Farbe als einziges visuelles Mittel verwendet, um Informationen zu \u00fcbermitteln, eine Aktion anzuzeigen, eine Antwort zu provozieren oder ein visuelles Element zu unterscheiden [Anforderung Nr. 9.1.4.1 der Norm UNE-EN 301549:2019 Verwendung von Farbe]<\/li><li>Auf einigen Seiten k\u00f6nnen doppelte Attribute und Identifikatoren vorhanden sein [Anforderung Nr. 9.4.1.1 der Norm UNE-EN 301549:2019 Verarbeitung]<\/li><li>Auf einigen Seiten folgen Benutzeroberfl\u00e4chenkomponenten wie Formularelemente, Links und durch Skripte generierte Komponenten nicht der empfohlenen Struktur der Barrierefreiheitsrichtlinien [Anforderung Nr. 9.4.1.2 der Norm UNE-EN 301549:2019 Name, Funktion, Wert]<\/li><li>In einigen Formularen ist das Eingabefeld, das Informationen \u00fcber den Benutzer sammelt, nicht identifiziert [Anforderung Nr. 9.1.3.5 der Norm UNE-EN 301549:2019 Identifizierung des Eingabezwecks]<\/li><li>Auf einigen Seiten k\u00f6nnte das Kontrastverh\u00e4ltnis von Text oder Bildern nicht mindestens 4,5:1 betragen [Anforderung Nr. 9.1.4.3 der Norm UNE-EN 301549:2019 Mindestkontrast]<\/li><li>Auf einigen Seiten k\u00f6nnte der Kontrast von Benutzeroberfl\u00e4chenkomponenten und grafischen Objekten mit den angrenzenden Farben nicht 3:1 erreichen [Anforderung Nr. 9.1.4.11 der Norm UNE-EN 301549:2019 Nicht-Text-Kontrast]<\/li><li>Vereinzelt k\u00f6nnte es Fehler in Eingabefeldern\/Formularen geben, f\u00fcr die dem Benutzer keine L\u00f6sungsvorschl\u00e4ge mitgeteilt werden [Anforderung Nr. 9.3.3.3 der Norm UNE-EN 301549:2019 Vorschl\u00e4ge bei Fehlern]<\/li><li>Auf einigen Seiten k\u00f6nnten Statusmeldungen nicht durch Programmierung \u00fcber Funktionen oder Eigenschaften bestimmt sein [Anforderung Nr. 9.4.1.3 der Norm UNE-EN 301549:2019 Statusmeldungen]<\/li><\/ul><p>Unverh\u00e4ltnism\u00e4\u00dfige Belastung<\/p><p>Nicht anwendbar<\/p><p>Inhalt, der nicht in den Anwendungsbereich der geltenden Gesetzgebung f\u00e4llt<\/p><p>Es k\u00f6nnten Office-Dateien im PDF- oder anderen Formaten vorhanden sein, die vor dem 20. September 2018 ver\u00f6ffentlicht wurden und nicht vollst\u00e4ndig alle Barrierefreiheitsanforderungen erf\u00fcllen.<\/p><p>Bemerkungen und Kontaktdaten<\/p><p>Mitteilungen \u00fcber Barrierefreiheitsanforderungen (Artikel 10.2.a des K\u00f6niglichen Dekrets 1112\/2018 vom 7. September) k\u00f6nnen \u00fcber das Kontaktformular erfolgen, zum Beispiel:<\/p><ul><li>Meldung von m\u00f6glichen Verst\u00f6\u00dfen dieser Website<\/li><li>\u00dcbermittlung von sonstigen Zugangsproblemen zu Inhalten<\/li><li>Formulierung sonstiger Anfragen oder Verbesserungsvorschl\u00e4ge zur Barrierefreiheit der Website.<\/li><\/ul><p>Die Mitteilungen werden von der verantwortlichen Einheit f\u00fcr Barrierefreiheit entgegengenommen und bearbeitet.<\/p>\t\t\t\t\t\t\t\t<\/div>\n\t\t\t\t<\/div>\n\t\t\t\t\t<\/div>\n\t\t\t\t<\/div>\n\t\t\t\t<\/div>\n\t\t","protected":false},"excerpt":{"rendered":"<p>Barrierefreiheitserkl\u00e4rung Der Eigent\u00fcmer der Website hat sich verpflichtet, seine Website in \u00dcbereinstimmung mit dem K\u00f6niglichen Dekret 1112\/2018 vom 7. September \u00fcber die Barrierefreiheit von Websites und mobilen Anwendungen des \u00f6ffentlichen Sektors (im Folgenden: K\u00f6nigliches Dekret 1112\/2018 vom 7. September) zug\u00e4nglich zu machen, durch das die Richtlinie (EU) 2016\/2102 des Europ\u00e4ischen Parlaments und des Rates vom [&hellip;]<\/p>\n","protected":false},"author":18,"featured_media":0,"parent":0,"menu_order":13,"comment_status":"closed","ping_status":"closed","template":"elementor_header_footer","meta":{"footnotes":""},"class_list":["post-614","page","type-page","status-publish","hentry"],"yoast_head":"<!-- This site is optimized with the Yoast SEO plugin v26.8 - https:\/\/yoast.com\/product\/yoast-seo-wordpress\/ -->\n<title>Barrierefreiheit - Gerhard Klassen<\/title>\n<meta name=\"robots\" content=\"noindex, follow\" \/>\n<meta property=\"og:locale\" content=\"es_ES\" \/>\n<meta property=\"og:type\" content=\"article\" \/>\n<meta property=\"og:title\" content=\"Barrierefreiheit - Gerhard Klassen\" \/>\n<meta property=\"og:description\" content=\"Barrierefreiheitserkl\u00e4rung Der Eigent\u00fcmer der Website hat sich verpflichtet, seine Website in \u00dcbereinstimmung mit dem K\u00f6niglichen Dekret 1112\/2018 vom 7. September \u00fcber die Barrierefreiheit von Websites und mobilen Anwendungen des \u00f6ffentlichen Sektors (im Folgenden: K\u00f6nigliches Dekret 1112\/2018 vom 7. September) zug\u00e4nglich zu machen, durch das die Richtlinie (EU) 2016\/2102 des Europ\u00e4ischen Parlaments und des Rates vom [&hellip;]\" \/>\n<meta property=\"og:url\" content=\"https:\/\/gerhardklassen.com\/es\/barrierefreiheit\/\" \/>\n<meta property=\"og:site_name\" content=\"Gerhard Klassen\" \/>\n<meta property=\"article:modified_time\" content=\"2024-05-16T17:39:56+00:00\" \/>\n<meta name=\"twitter:card\" content=\"summary_large_image\" \/>\n<meta name=\"twitter:label1\" content=\"Tiempo de lectura\" \/>\n\t<meta name=\"twitter:data1\" content=\"3 minutos\" \/>\n<script type=\"application\/ld+json\" class=\"yoast-schema-graph\">{\"@context\":\"https:\/\/schema.org\",\"@graph\":[{\"@type\":\"WebPage\",\"@id\":\"https:\/\/gerhardklassen.com\/barrierefreiheit\/\",\"url\":\"https:\/\/gerhardklassen.com\/barrierefreiheit\/\",\"name\":\"Barrierefreiheit - Gerhard Klassen\",\"isPartOf\":{\"@id\":\"https:\/\/gerhardklassen.com\/#website\"},\"datePublished\":\"2024-03-09T10:45:20+00:00\",\"dateModified\":\"2024-05-16T17:39:56+00:00\",\"breadcrumb\":{\"@id\":\"https:\/\/gerhardklassen.com\/barrierefreiheit\/#breadcrumb\"},\"inLanguage\":\"es\",\"potentialAction\":[{\"@type\":\"ReadAction\",\"target\":[\"https:\/\/gerhardklassen.com\/barrierefreiheit\/\"]}]},{\"@type\":\"BreadcrumbList\",\"@id\":\"https:\/\/gerhardklassen.com\/barrierefreiheit\/#breadcrumb\",\"itemListElement\":[{\"@type\":\"ListItem\",\"position\":1,\"name\":\"Portada\",\"item\":\"https:\/\/gerhardklassen.com\/\"},{\"@type\":\"ListItem\",\"position\":2,\"name\":\"Barrierefreiheit\"}]},{\"@type\":\"WebSite\",\"@id\":\"https:\/\/gerhardklassen.com\/#website\",\"url\":\"https:\/\/gerhardklassen.com\/\",\"name\":\"Gerhard Klassen\",\"description\":\"Musikwelten erkunden\",\"publisher\":{\"@id\":\"https:\/\/gerhardklassen.com\/#organization\"},\"potentialAction\":[{\"@type\":\"SearchAction\",\"target\":{\"@type\":\"EntryPoint\",\"urlTemplate\":\"https:\/\/gerhardklassen.com\/?s={search_term_string}\"},\"query-input\":{\"@type\":\"PropertyValueSpecification\",\"valueRequired\":true,\"valueName\":\"search_term_string\"}}],\"inLanguage\":\"es\"},{\"@type\":\"Organization\",\"@id\":\"https:\/\/gerhardklassen.com\/#organization\",\"name\":\"Gerhard Klassen\",\"url\":\"https:\/\/gerhardklassen.com\/\",\"logo\":{\"@type\":\"ImageObject\",\"inLanguage\":\"es\",\"@id\":\"https:\/\/gerhardklassen.com\/#\/schema\/logo\/image\/\",\"url\":\"https:\/\/gerhardklassen.com\/wp-content\/uploads\/2024\/04\/4.png\",\"contentUrl\":\"https:\/\/gerhardklassen.com\/wp-content\/uploads\/2024\/04\/4.png\",\"width\":500,\"height\":500,\"caption\":\"Gerhard Klassen\"},\"image\":{\"@id\":\"https:\/\/gerhardklassen.com\/#\/schema\/logo\/image\/\"}}]}<\/script>\n<!-- \/ Yoast SEO plugin. -->","yoast_head_json":{"title":"Barrierefreiheit - Gerhard Klassen","robots":{"index":"noindex","follow":"follow"},"og_locale":"es_ES","og_type":"article","og_title":"Barrierefreiheit - Gerhard Klassen","og_description":"Barrierefreiheitserkl\u00e4rung Der Eigent\u00fcmer der Website hat sich verpflichtet, seine Website in \u00dcbereinstimmung mit dem K\u00f6niglichen Dekret 1112\/2018 vom 7. September \u00fcber die Barrierefreiheit von Websites und mobilen Anwendungen des \u00f6ffentlichen Sektors (im Folgenden: K\u00f6nigliches Dekret 1112\/2018 vom 7. September) zug\u00e4nglich zu machen, durch das die Richtlinie (EU) 2016\/2102 des Europ\u00e4ischen Parlaments und des Rates vom [&hellip;]","og_url":"https:\/\/gerhardklassen.com\/es\/barrierefreiheit\/","og_site_name":"Gerhard Klassen","article_modified_time":"2024-05-16T17:39:56+00:00","twitter_card":"summary_large_image","twitter_misc":{"Tiempo de lectura":"3 minutos"},"schema":{"@context":"https:\/\/schema.org","@graph":[{"@type":"WebPage","@id":"https:\/\/gerhardklassen.com\/barrierefreiheit\/","url":"https:\/\/gerhardklassen.com\/barrierefreiheit\/","name":"Barrierefreiheit - Gerhard Klassen","isPartOf":{"@id":"https:\/\/gerhardklassen.com\/#website"},"datePublished":"2024-03-09T10:45:20+00:00","dateModified":"2024-05-16T17:39:56+00:00","breadcrumb":{"@id":"https:\/\/gerhardklassen.com\/barrierefreiheit\/#breadcrumb"},"inLanguage":"es","potentialAction":[{"@type":"ReadAction","target":["https:\/\/gerhardklassen.com\/barrierefreiheit\/"]}]},{"@type":"BreadcrumbList","@id":"https:\/\/gerhardklassen.com\/barrierefreiheit\/#breadcrumb","itemListElement":[{"@type":"ListItem","position":1,"name":"Portada","item":"https:\/\/gerhardklassen.com\/"},{"@type":"ListItem","position":2,"name":"Barrierefreiheit"}]},{"@type":"WebSite","@id":"https:\/\/gerhardklassen.com\/#website","url":"https:\/\/gerhardklassen.com\/","name":"Gerhard Klassen","description":"Musikwelten erkunden","publisher":{"@id":"https:\/\/gerhardklassen.com\/#organization"},"potentialAction":[{"@type":"SearchAction","target":{"@type":"EntryPoint","urlTemplate":"https:\/\/gerhardklassen.com\/?s={search_term_string}"},"query-input":{"@type":"PropertyValueSpecification","valueRequired":true,"valueName":"search_term_string"}}],"inLanguage":"es"},{"@type":"Organization","@id":"https:\/\/gerhardklassen.com\/#organization","name":"Gerhard Klassen","url":"https:\/\/gerhardklassen.com\/","logo":{"@type":"ImageObject","inLanguage":"es","@id":"https:\/\/gerhardklassen.com\/#\/schema\/logo\/image\/","url":"https:\/\/gerhardklassen.com\/wp-content\/uploads\/2024\/04\/4.png","contentUrl":"https:\/\/gerhardklassen.com\/wp-content\/uploads\/2024\/04\/4.png","width":500,"height":500,"caption":"Gerhard Klassen"},"image":{"@id":"https:\/\/gerhardklassen.com\/#\/schema\/logo\/image\/"}}]}},"_links":{"self":[{"href":"https:\/\/gerhardklassen.com\/es\/wp-json\/wp\/v2\/pages\/614","targetHints":{"allow":["GET"]}}],"collection":[{"href":"https:\/\/gerhardklassen.com\/es\/wp-json\/wp\/v2\/pages"}],"about":[{"href":"https:\/\/gerhardklassen.com\/es\/wp-json\/wp\/v2\/types\/page"}],"author":[{"embeddable":true,"href":"https:\/\/gerhardklassen.com\/es\/wp-json\/wp\/v2\/users\/18"}],"replies":[{"embeddable":true,"href":"https:\/\/gerhardklassen.com\/es\/wp-json\/wp\/v2\/comments?post=614"}],"version-history":[{"count":8,"href":"https:\/\/gerhardklassen.com\/es\/wp-json\/wp\/v2\/pages\/614\/revisions"}],"predecessor-version":[{"id":1520,"href":"https:\/\/gerhardklassen.com\/es\/wp-json\/wp\/v2\/pages\/614\/revisions\/1520"}],"wp:attachment":[{"href":"https:\/\/gerhardklassen.com\/es\/wp-json\/wp\/v2\/media?parent=614"}],"curies":[{"name":"wp","href":"https:\/\/api.w.org\/{rel}","templated":true}]}}