{"id":17,"date":"2024-02-09T22:17:33","date_gmt":"2024-02-09T22:17:33","guid":{"rendered":"https:\/\/gerhardklassen.com\/?page_id=17"},"modified":"2026-01-30T12:12:36","modified_gmt":"2026-01-30T12:12:36","slug":"sobre-mi","status":"publish","type":"page","link":"https:\/\/gerhardklassen.com\/zh\/person\/","title":{"rendered":"Person"},"content":{"rendered":"<div data-elementor-type=\"wp-page\" data-elementor-id=\"17\" class=\"elementor elementor-17\" data-elementor-post-type=\"page\">\n\t\t\t\t<div class=\"elementor-element elementor-element-2fa37d9 e-flex e-con-boxed e-con e-parent\" data-id=\"2fa37d9\" data-element_type=\"container\" data-e-type=\"container\" data-settings=\"{&quot;background_background&quot;:&quot;classic&quot;}\">\n\t\t\t\t\t<div class=\"e-con-inner\">\n\t\t<div class=\"elementor-element elementor-element-b27dca7 e-con-full animated-fast e-flex elementor-invisible e-con e-child\" data-id=\"b27dca7\" data-element_type=\"container\" data-e-type=\"container\" data-settings=\"{&quot;animation&quot;:&quot;fadeInRight&quot;}\">\n\t\t\t\t<div class=\"elementor-element elementor-element-2282b37 elementor-widget elementor-widget-heading\" data-id=\"2282b37\" data-element_type=\"widget\" data-e-type=\"widget\" data-widget_type=\"heading.default\">\n\t\t\t\t<div class=\"elementor-widget-container\">\n\t\t\t\t\t<h1 class=\"elementor-heading-title elementor-size-default\">Person<\/h1>\t\t\t\t<\/div>\n\t\t\t\t<\/div>\n\t\t\t\t<div class=\"elementor-element elementor-element-26a5a76 elementor-widget elementor-widget-spacer\" data-id=\"26a5a76\" data-element_type=\"widget\" data-e-type=\"widget\" data-widget_type=\"spacer.default\">\n\t\t\t\t<div class=\"elementor-widget-container\">\n\t\t\t\t\t\t\t<div class=\"elementor-spacer\">\n\t\t\t<div class=\"elementor-spacer-inner\"><\/div>\n\t\t<\/div>\n\t\t\t\t\t\t<\/div>\n\t\t\t\t<\/div>\n\t\t\t\t<div class=\"elementor-element elementor-element-546cfca elementor-widget elementor-widget-heading\" data-id=\"546cfca\" data-element_type=\"widget\" data-e-type=\"widget\" data-widget_type=\"heading.default\">\n\t\t\t\t<div class=\"elementor-widget-container\">\n\t\t\t\t\t<div class=\"elementor-heading-title elementor-size-default\">Pianist und Klassikerkl\u00e4rer mit einer Vorliebe f\u00fcr Kunst &amp; Geschichte.<\/div>\t\t\t\t<\/div>\n\t\t\t\t<\/div>\n\t\t\t\t<div class=\"elementor-element elementor-element-7309f26 elementor-widget elementor-widget-text-editor\" data-id=\"7309f26\" data-element_type=\"widget\" data-e-type=\"widget\" data-widget_type=\"text-editor.default\">\n\t\t\t\t<div class=\"elementor-widget-container\">\n\t\t\t\t\t\t\t\t\t<p>Ich habe in verschiedenen L\u00e4ndern Klavier und Musikp\u00e4dagogik studiert. Seit 2015 lebe ich in der andalusischen Universit\u00e4tsstadt Granada, bekannt f\u00fcr die Alhambra, die Sierra Nevada und den Flamenco. Vor einigen Jahren gr\u00fcndete ich das Online-Bildungsangebot &#8222;Musikwelten erkunden&#8220; mit Zoom-Meetings und einem eigenen Podcast.\u00a0<\/p>\t\t\t\t\t\t\t\t<\/div>\n\t\t\t\t<\/div>\n\t\t\t\t<\/div>\n\t\t<div class=\"elementor-element elementor-element-04612af e-con-full animated-slow e-flex elementor-invisible e-con e-child\" data-id=\"04612af\" data-element_type=\"container\" data-e-type=\"container\" data-settings=\"{&quot;background_background&quot;:&quot;classic&quot;,&quot;animation&quot;:&quot;fadeIn&quot;}\">\n\t\t\t\t<\/div>\n\t\t\t\t\t<\/div>\n\t\t\t\t<\/div>\n\t\t<div class=\"elementor-element elementor-element-d15a886 e-flex e-con-boxed e-con e-parent\" data-id=\"d15a886\" data-element_type=\"container\" data-e-type=\"container\">\n\t\t\t\t\t<div class=\"e-con-inner\">\n\t\t<div class=\"elementor-element elementor-element-4868e88 e-con-full animated-fast e-flex elementor-invisible e-con e-child\" data-id=\"4868e88\" data-element_type=\"container\" data-e-type=\"container\" data-settings=\"{&quot;animation&quot;:&quot;fadeInLeft&quot;}\">\n\t\t\t\t<div class=\"elementor-element elementor-element-36c0c94 elementor-widget elementor-widget-heading\" data-id=\"36c0c94\" data-element_type=\"widget\" data-e-type=\"widget\" data-widget_type=\"heading.default\">\n\t\t\t\t<div class=\"elementor-widget-container\">\n\t\t\t\t\t<h2 class=\"elementor-heading-title elementor-size-default\">Ausbildung<\/h2>\t\t\t\t<\/div>\n\t\t\t\t<\/div>\n\t\t<div class=\"elementor-element elementor-element-705b7f7 e-flex e-con-boxed elementor-invisible e-con e-child\" data-id=\"705b7f7\" data-element_type=\"container\" data-e-type=\"container\" data-settings=\"{&quot;background_background&quot;:&quot;classic&quot;,&quot;animation&quot;:&quot;fadeIn&quot;,&quot;animation_delay&quot;:600}\">\n\t\t\t\t\t<div class=\"e-con-inner\">\n\t\t\t\t<div class=\"elementor-element elementor-element-f7305c2 elementor-widget elementor-widget-heading\" data-id=\"f7305c2\" data-element_type=\"widget\" data-e-type=\"widget\" data-widget_type=\"heading.default\">\n\t\t\t\t<div class=\"elementor-widget-container\">\n\t\t\t\t\t<h6 class=\"elementor-heading-title elementor-size-default\">Schulmusik und Philosophie, B.A.<\/h6>\t\t\t\t<\/div>\n\t\t\t\t<\/div>\n\t\t\t\t<div class=\"elementor-element elementor-element-62901ff elementor-widget elementor-widget-text-editor\" data-id=\"62901ff\" data-element_type=\"widget\" data-e-type=\"widget\" data-widget_type=\"text-editor.default\">\n\t\t\t\t<div class=\"elementor-widget-container\">\n\t\t\t\t\t\t\t\t\t<p>Hochschule f\u00fcr Musik und Theater Hannover, Leibniz Universit\u00e4t Hannover.<\/p>\t\t\t\t\t\t\t\t<\/div>\n\t\t\t\t<\/div>\n\t\t\t\t\t<\/div>\n\t\t\t\t<\/div>\n\t\t<div class=\"elementor-element elementor-element-450cea2 e-flex e-con-boxed elementor-invisible e-con e-child\" data-id=\"450cea2\" data-element_type=\"container\" data-e-type=\"container\" data-settings=\"{&quot;background_background&quot;:&quot;classic&quot;,&quot;animation&quot;:&quot;fadeIn&quot;,&quot;animation_delay&quot;:900}\">\n\t\t\t\t\t<div class=\"e-con-inner\">\n\t\t\t\t<div class=\"elementor-element elementor-element-3f6b191 elementor-widget elementor-widget-heading\" data-id=\"3f6b191\" data-element_type=\"widget\" data-e-type=\"widget\" data-widget_type=\"heading.default\">\n\t\t\t\t<div class=\"elementor-widget-container\">\n\t\t\t\t\t<h6 class=\"elementor-heading-title elementor-size-default\">Musikerziehung, Mag. art.<\/h6>\t\t\t\t<\/div>\n\t\t\t\t<\/div>\n\t\t\t\t<div class=\"elementor-element elementor-element-dbf1014 elementor-widget elementor-widget-text-editor\" data-id=\"dbf1014\" data-element_type=\"widget\" data-e-type=\"widget\" data-widget_type=\"text-editor.default\">\n\t\t\t\t<div class=\"elementor-widget-container\">\n\t\t\t\t\t\t\t\t\t<p>Universit\u00e4t f\u00fcr Musik und darstellende Kunst Wien, Universit\u00e4t Wien.<\/p>\t\t\t\t\t\t\t\t<\/div>\n\t\t\t\t<\/div>\n\t\t\t\t\t<\/div>\n\t\t\t\t<\/div>\n\t\t<div class=\"elementor-element elementor-element-b4a6a16 e-flex e-con-boxed elementor-invisible e-con e-child\" data-id=\"b4a6a16\" data-element_type=\"container\" data-e-type=\"container\" data-settings=\"{&quot;background_background&quot;:&quot;classic&quot;,&quot;animation&quot;:&quot;fadeIn&quot;,&quot;animation_delay&quot;:1200}\">\n\t\t\t\t\t<div class=\"e-con-inner\">\n\t\t\t\t<div class=\"elementor-element elementor-element-426be6d elementor-widget elementor-widget-heading\" data-id=\"426be6d\" data-element_type=\"widget\" data-e-type=\"widget\" data-widget_type=\"heading.default\">\n\t\t\t\t<div class=\"elementor-widget-container\">\n\t\t\t\t\t<h6 class=\"elementor-heading-title elementor-size-default\">Klavierp\u00e4dagogik mit Schwerpunkt Ensembleleitung, B.A.<\/h6>\t\t\t\t<\/div>\n\t\t\t\t<\/div>\n\t\t\t\t<div class=\"elementor-element elementor-element-5a6fd75 elementor-widget elementor-widget-text-editor\" data-id=\"5a6fd75\" data-element_type=\"widget\" data-e-type=\"widget\" data-widget_type=\"text-editor.default\">\n\t\t\t\t<div class=\"elementor-widget-container\">\n\t\t\t\t\t\t\t\t\t<p>Universit\u00e4t f\u00fcr Musik und darstellende Kunst Wien.<\/p>\t\t\t\t\t\t\t\t<\/div>\n\t\t\t\t<\/div>\n\t\t\t\t\t<\/div>\n\t\t\t\t<\/div>\n\t\t<div class=\"elementor-element elementor-element-0632cea e-flex e-con-boxed elementor-invisible e-con e-child\" data-id=\"0632cea\" data-element_type=\"container\" data-e-type=\"container\" data-settings=\"{&quot;background_background&quot;:&quot;classic&quot;,&quot;animation&quot;:&quot;fadeIn&quot;,&quot;animation_delay&quot;:1500}\">\n\t\t\t\t\t<div class=\"e-con-inner\">\n\t\t\t\t<div class=\"elementor-element elementor-element-c9fdfaa elementor-widget elementor-widget-heading\" data-id=\"c9fdfaa\" data-element_type=\"widget\" data-e-type=\"widget\" data-widget_type=\"heading.default\">\n\t\t\t\t<div class=\"elementor-widget-container\">\n\t\t\t\t\t<h6 class=\"elementor-heading-title elementor-size-default\">Klavier, Superior<\/h6>\t\t\t\t<\/div>\n\t\t\t\t<\/div>\n\t\t\t\t<div class=\"elementor-element elementor-element-9c0d06a elementor-widget elementor-widget-text-editor\" data-id=\"9c0d06a\" data-element_type=\"widget\" data-e-type=\"widget\" data-widget_type=\"text-editor.default\">\n\t\t\t\t<div class=\"elementor-widget-container\">\n\t\t\t\t\t\t\t\t\t<p>Real Conservatorio Superior de M\u00fasica &#8222;Victoria Eugenia&#8220; de Granada.<\/p>\t\t\t\t\t\t\t\t<\/div>\n\t\t\t\t<\/div>\n\t\t\t\t\t<\/div>\n\t\t\t\t<\/div>\n\t\t\t\t<\/div>\n\t\t<div class=\"elementor-element elementor-element-db56869 e-con-full animated-fast e-flex elementor-invisible e-con e-child\" data-id=\"db56869\" data-element_type=\"container\" data-e-type=\"container\" data-settings=\"{&quot;background_background&quot;:&quot;classic&quot;,&quot;animation&quot;:&quot;fadeInRight&quot;}\">\n\t\t\t\t<\/div>\n\t\t\t\t\t<\/div>\n\t\t\t\t<\/div>\n\t\t\t\t<\/div>","protected":false},"excerpt":{"rendered":"<p>Person Pianist und Klassikerkl\u00e4rer mit einer Vorliebe f\u00fcr Kunst &amp; Geschichte. Ich habe in verschiedenen L\u00e4ndern Klavier und Musikp\u00e4dagogik studiert. Seit 2015 lebe ich in der andalusischen Universit\u00e4tsstadt Granada, bekannt f\u00fcr die Alhambra, die Sierra Nevada und den Flamenco. Vor einigen Jahren gr\u00fcndete ich das Online-Bildungsangebot &#8222;Musikwelten erkunden&#8220; mit Zoom-Meetings und einem eigenen Podcast.\u00a0 Ausbildung [&hellip;]<\/p>\n","protected":false},"author":80,"featured_media":0,"parent":0,"menu_order":2,"comment_status":"closed","ping_status":"closed","template":"elementor_header_footer","meta":{"footnotes":""},"class_list":["post-17","page","type-page","status-publish","hentry"],"yoast_head":"<!-- This site is optimized with the Yoast SEO plugin v26.8 - https:\/\/yoast.com\/product\/yoast-seo-wordpress\/ -->\n<title>Person - Gerhard Klassen<\/title>\n<meta name=\"robots\" content=\"index, follow, max-snippet:-1, max-image-preview:large, max-video-preview:-1\" \/>\n<link rel=\"canonical\" href=\"https:\/\/gerhardklassen.com\/zh\/person\/\" \/>\n<meta property=\"og:locale\" content=\"zh_CN\" \/>\n<meta property=\"og:type\" content=\"article\" \/>\n<meta property=\"og:title\" content=\"Person - Gerhard Klassen\" \/>\n<meta property=\"og:description\" content=\"Person Pianist und Klassikerkl\u00e4rer mit einer Vorliebe f\u00fcr Kunst &amp; Geschichte. Ich habe in verschiedenen L\u00e4ndern Klavier und Musikp\u00e4dagogik studiert. Seit 2015 lebe ich in der andalusischen Universit\u00e4tsstadt Granada, bekannt f\u00fcr die Alhambra, die Sierra Nevada und den Flamenco. Vor einigen Jahren gr\u00fcndete ich das Online-Bildungsangebot &#8222;Musikwelten erkunden&#8220; mit Zoom-Meetings und einem eigenen Podcast.\u00a0 Ausbildung [&hellip;]\" \/>\n<meta property=\"og:url\" content=\"https:\/\/gerhardklassen.com\/zh\/person\/\" \/>\n<meta property=\"og:site_name\" content=\"Gerhard Klassen\" \/>\n<meta property=\"article:modified_time\" content=\"2026-01-30T12:12:36+00:00\" \/>\n<meta name=\"twitter:card\" content=\"summary_large_image\" \/>\n<meta name=\"twitter:label1\" content=\"\u9884\u8ba1\u9605\u8bfb\u65f6\u95f4\" \/>\n\t<meta name=\"twitter:data1\" content=\"1 \u5206\" \/>\n<script type=\"application\/ld+json\" class=\"yoast-schema-graph\">{\"@context\":\"https:\/\/schema.org\",\"@graph\":[{\"@type\":\"WebPage\",\"@id\":\"https:\/\/gerhardklassen.com\/person\/\",\"url\":\"https:\/\/gerhardklassen.com\/person\/\",\"name\":\"Person - Gerhard Klassen\",\"isPartOf\":{\"@id\":\"https:\/\/gerhardklassen.com\/#website\"},\"datePublished\":\"2024-02-09T22:17:33+00:00\",\"dateModified\":\"2026-01-30T12:12:36+00:00\",\"breadcrumb\":{\"@id\":\"https:\/\/gerhardklassen.com\/person\/#breadcrumb\"},\"inLanguage\":\"zh-Hans\",\"potentialAction\":[{\"@type\":\"ReadAction\",\"target\":[\"https:\/\/gerhardklassen.com\/person\/\"]}]},{\"@type\":\"BreadcrumbList\",\"@id\":\"https:\/\/gerhardklassen.com\/person\/#breadcrumb\",\"itemListElement\":[{\"@type\":\"ListItem\",\"position\":1,\"name\":\"Portada\",\"item\":\"https:\/\/gerhardklassen.com\/\"},{\"@type\":\"ListItem\",\"position\":2,\"name\":\"Person\"}]},{\"@type\":\"WebSite\",\"@id\":\"https:\/\/gerhardklassen.com\/#website\",\"url\":\"https:\/\/gerhardklassen.com\/\",\"name\":\"Gerhard Klassen\",\"description\":\"Musikwelten erkunden\",\"publisher\":{\"@id\":\"https:\/\/gerhardklassen.com\/#organization\"},\"potentialAction\":[{\"@type\":\"SearchAction\",\"target\":{\"@type\":\"EntryPoint\",\"urlTemplate\":\"https:\/\/gerhardklassen.com\/?s={search_term_string}\"},\"query-input\":{\"@type\":\"PropertyValueSpecification\",\"valueRequired\":true,\"valueName\":\"search_term_string\"}}],\"inLanguage\":\"zh-Hans\"},{\"@type\":\"Organization\",\"@id\":\"https:\/\/gerhardklassen.com\/#organization\",\"name\":\"Gerhard Klassen\",\"url\":\"https:\/\/gerhardklassen.com\/\",\"logo\":{\"@type\":\"ImageObject\",\"inLanguage\":\"zh-Hans\",\"@id\":\"https:\/\/gerhardklassen.com\/#\/schema\/logo\/image\/\",\"url\":\"https:\/\/gerhardklassen.com\/wp-content\/uploads\/2024\/04\/4.png\",\"contentUrl\":\"https:\/\/gerhardklassen.com\/wp-content\/uploads\/2024\/04\/4.png\",\"width\":500,\"height\":500,\"caption\":\"Gerhard Klassen\"},\"image\":{\"@id\":\"https:\/\/gerhardklassen.com\/#\/schema\/logo\/image\/\"}}]}<\/script>\n<!-- \/ Yoast SEO plugin. -->","yoast_head_json":{"title":"Person - Gerhard Klassen","robots":{"index":"index","follow":"follow","max-snippet":"max-snippet:-1","max-image-preview":"max-image-preview:large","max-video-preview":"max-video-preview:-1"},"canonical":"https:\/\/gerhardklassen.com\/zh\/person\/","og_locale":"zh_CN","og_type":"article","og_title":"Person - Gerhard Klassen","og_description":"Person Pianist und Klassikerkl\u00e4rer mit einer Vorliebe f\u00fcr Kunst &amp; Geschichte. Ich habe in verschiedenen L\u00e4ndern Klavier und Musikp\u00e4dagogik studiert. Seit 2015 lebe ich in der andalusischen Universit\u00e4tsstadt Granada, bekannt f\u00fcr die Alhambra, die Sierra Nevada und den Flamenco. Vor einigen Jahren gr\u00fcndete ich das Online-Bildungsangebot &#8222;Musikwelten erkunden&#8220; mit Zoom-Meetings und einem eigenen Podcast.\u00a0 Ausbildung [&hellip;]","og_url":"https:\/\/gerhardklassen.com\/zh\/person\/","og_site_name":"Gerhard Klassen","article_modified_time":"2026-01-30T12:12:36+00:00","twitter_card":"summary_large_image","twitter_misc":{"\u9884\u8ba1\u9605\u8bfb\u65f6\u95f4":"1 \u5206"},"schema":{"@context":"https:\/\/schema.org","@graph":[{"@type":"WebPage","@id":"https:\/\/gerhardklassen.com\/person\/","url":"https:\/\/gerhardklassen.com\/person\/","name":"Person - Gerhard Klassen","isPartOf":{"@id":"https:\/\/gerhardklassen.com\/#website"},"datePublished":"2024-02-09T22:17:33+00:00","dateModified":"2026-01-30T12:12:36+00:00","breadcrumb":{"@id":"https:\/\/gerhardklassen.com\/person\/#breadcrumb"},"inLanguage":"zh-Hans","potentialAction":[{"@type":"ReadAction","target":["https:\/\/gerhardklassen.com\/person\/"]}]},{"@type":"BreadcrumbList","@id":"https:\/\/gerhardklassen.com\/person\/#breadcrumb","itemListElement":[{"@type":"ListItem","position":1,"name":"Portada","item":"https:\/\/gerhardklassen.com\/"},{"@type":"ListItem","position":2,"name":"Person"}]},{"@type":"WebSite","@id":"https:\/\/gerhardklassen.com\/#website","url":"https:\/\/gerhardklassen.com\/","name":"Gerhard Klassen","description":"Musikwelten erkunden","publisher":{"@id":"https:\/\/gerhardklassen.com\/#organization"},"potentialAction":[{"@type":"SearchAction","target":{"@type":"EntryPoint","urlTemplate":"https:\/\/gerhardklassen.com\/?s={search_term_string}"},"query-input":{"@type":"PropertyValueSpecification","valueRequired":true,"valueName":"search_term_string"}}],"inLanguage":"zh-Hans"},{"@type":"Organization","@id":"https:\/\/gerhardklassen.com\/#organization","name":"Gerhard Klassen","url":"https:\/\/gerhardklassen.com\/","logo":{"@type":"ImageObject","inLanguage":"zh-Hans","@id":"https:\/\/gerhardklassen.com\/#\/schema\/logo\/image\/","url":"https:\/\/gerhardklassen.com\/wp-content\/uploads\/2024\/04\/4.png","contentUrl":"https:\/\/gerhardklassen.com\/wp-content\/uploads\/2024\/04\/4.png","width":500,"height":500,"caption":"Gerhard Klassen"},"image":{"@id":"https:\/\/gerhardklassen.com\/#\/schema\/logo\/image\/"}}]}},"_links":{"self":[{"href":"https:\/\/gerhardklassen.com\/zh\/wp-json\/wp\/v2\/pages\/17","targetHints":{"allow":["GET"]}}],"collection":[{"href":"https:\/\/gerhardklassen.com\/zh\/wp-json\/wp\/v2\/pages"}],"about":[{"href":"https:\/\/gerhardklassen.com\/zh\/wp-json\/wp\/v2\/types\/page"}],"author":[{"embeddable":true,"href":"https:\/\/gerhardklassen.com\/zh\/wp-json\/wp\/v2\/users\/80"}],"replies":[{"embeddable":true,"href":"https:\/\/gerhardklassen.com\/zh\/wp-json\/wp\/v2\/comments?post=17"}],"version-history":[{"count":174,"href":"https:\/\/gerhardklassen.com\/zh\/wp-json\/wp\/v2\/pages\/17\/revisions"}],"predecessor-version":[{"id":2601,"href":"https:\/\/gerhardklassen.com\/zh\/wp-json\/wp\/v2\/pages\/17\/revisions\/2601"}],"wp:attachment":[{"href":"https:\/\/gerhardklassen.com\/zh\/wp-json\/wp\/v2\/media?parent=17"}],"curies":[{"name":"wp","href":"https:\/\/api.w.org\/{rel}","templated":true}]}}