{"id":611,"date":"2024-03-09T10:45:08","date_gmt":"2024-03-09T10:45:08","guid":{"rendered":"https:\/\/gerhardklassen.com\/?page_id=611"},"modified":"2024-05-16T17:46:33","modified_gmt":"2024-05-16T17:46:33","slug":"aviso-legal","status":"publish","type":"page","link":"https:\/\/gerhardklassen.com\/zh\/impressum\/","title":{"rendered":"Rechtliche Warnung"},"content":{"rendered":"<style>.elementor-611 .elementor-element.elementor-element-c9dd5fc{--display:flex;--flex-direction:column;--container-widget-width:calc( ( 1 - var( --container-widget-flex-grow ) ) * 100% );--container-widget-height:initial;--container-widget-flex-grow:0;--container-widget-align-self:initial;--flex-wrap-mobile:wrap;--align-items:center;--gap:0px 0px;--row-gap:0px;--column-gap:0px;--padding-top:50px;--padding-bottom:50px;--padding-left:0px;--padding-right:0px;}.elementor-611 .elementor-element.elementor-element-c9dd5fc:not(.elementor-motion-effects-element-type-background), .elementor-611 .elementor-element.elementor-element-c9dd5fc > .elementor-motion-effects-container > .elementor-motion-effects-layer{background-color:var( --e-global-color-secondary );}.elementor-611 .elementor-element.elementor-element-cf72dea .elementor-heading-title{color:var( --e-global-color-9e41e9e );}.elementor-611 .elementor-element.elementor-element-8715015{--display:flex;--flex-direction:column;--container-widget-width:100%;--container-widget-height:initial;--container-widget-flex-grow:0;--container-widget-align-self:initial;--flex-wrap-mobile:wrap;--gap:20px 0px;--row-gap:20px;--column-gap:0px;--padding-top:80px;--padding-bottom:80px;--padding-left:0px;--padding-right:0px;}@media(max-width:1279px){.elementor-611 .elementor-element.elementor-element-c9dd5fc{--padding-top:40px;--padding-bottom:40px;--padding-left:0px;--padding-right:0px;}.elementor-611 .elementor-element.elementor-element-8715015{--padding-top:80px;--padding-bottom:80px;--padding-left:20px;--padding-right:20px;}}@media(max-width:850px){.elementor-611 .elementor-element.elementor-element-c9dd5fc{--padding-top:30px;--padding-bottom:30px;--padding-left:0px;--padding-right:0px;}.elementor-611 .elementor-element.elementor-element-8715015{--padding-top:60px;--padding-bottom:60px;--padding-left:20px;--padding-right:20px;}}<\/style>\t\t<div data-elementor-type=\"wp-page\" data-elementor-id=\"611\" class=\"elementor elementor-611\" data-elementor-post-type=\"page\">\n\t\t\t\t<div class=\"elementor-element elementor-element-c9dd5fc e-flex e-con-boxed e-con e-parent\" data-id=\"c9dd5fc\" data-element_type=\"container\" data-e-type=\"container\" data-settings=\"{&quot;background_background&quot;:&quot;classic&quot;}\">\n\t\t\t\t\t<div class=\"e-con-inner\">\n\t\t\t\t\t<\/div>\n\t\t\t\t<\/div>\n\t\t<div class=\"elementor-element elementor-element-8715015 e-flex e-con-boxed e-con e-parent\" data-id=\"8715015\" data-element_type=\"container\" data-e-type=\"container\">\n\t\t\t\t\t<div class=\"e-con-inner\">\n\t\t\t\t<div class=\"elementor-element elementor-element-afb9ab2 elementor-widget elementor-widget-text-editor\" data-id=\"afb9ab2\" data-element_type=\"widget\" data-e-type=\"widget\" data-widget_type=\"text-editor.default\">\n\t\t\t\t<div class=\"elementor-widget-container\">\n\t\t\t\t\t\t\t\t\t<p>I. ALLGEMEINE INFORMATIONEN<\/p><p>In Erf\u00fcllung der Informationspflicht gem\u00e4\u00df Gesetz 34\/2002 \u00fcber Dienstleistungen der Informationsgesellschaft und des elektronischen Handels (LSSI-CE) vom 11. Juli, werden nachfolgend die allgemeinen Informationen dieser Website bereitgestellt:<\/p><p>Der Inhaber dieser Website, <a href=\"https:\/\/gerhardklassen.com\/zh\/\" target=\"_new\" rel=\"noreferrer\">https:\/\/gerhardklassen.com\/<\/a> (im Folgenden &#8222;Website&#8220;), ist: Gerhard Klassen, mit NIF: Y5000279R, und dessen Kontaktdaten sind:<\/p><p>Adresse: C\/Fontiveros 46, 7\u00b0G 18008 Granada Kontakttelefon: (+34) 637 61 27 83 Kontakt-E-Mail:<\/p><p>II. ALLGEMEINE NUTZUNGSBEDINGUNGEN<\/p><p>Zweck der Bedingungen: Die Website<\/p><p>Der Zweck dieser Allgemeinen Nutzungsbedingungen (im Folgenden &#8222;Bedingungen&#8220;) ist die Regelung des Zugriffs und der Nutzung der Website. F\u00fcr die Zwecke dieser Bedingungen versteht sich unter Website: das \u00e4u\u00dfere Erscheinungsbild der Bildschirmoberfl\u00e4chen, sowohl in statischer als auch in dynamischer Form, d.h. die Navigationsstruktur; und alle Elemente, die sowohl in die Bildschirmoberfl\u00e4chen als auch in die Navigationsstruktur integriert sind (im Folgenden &#8222;Inhalte&#8220;) und alle Online-Dienste oder Ressourcen, die den Benutzern gegebenenfalls angeboten werden (im Folgenden &#8222;Dienste&#8220;).<\/p><p>Pianist und Musikp\u00e4dagoge in Andalusien beh\u00e4lt sich das Recht vor, jederzeit und ohne vorherige Ank\u00fcndigung die Pr\u00e4sentation und Konfiguration der Website sowie der darin m\u00f6glicherweise enthaltenen Inhalte und Dienste zu \u00e4ndern. Der Benutzer erkennt an und akzeptiert, dass Pianist und Musikp\u00e4dagoge in Andalusien jederzeit diese Elemente der Website oder den Zugang zu ihnen unterbrechen, deaktivieren und\/oder beenden kann.<\/p><p>Der Zugang zur Website durch den Benutzer ist frei und im Allgemeinen kostenlos, ohne dass der Benutzer eine Gegenleistung erbringen muss, um sie genie\u00dfen zu k\u00f6nnen, au\u00dfer den Kosten f\u00fcr die Verbindung \u00fcber das Telekommunikationsnetz, das vom Zugangsanbieter des Benutzers bereitgestellt wird.<\/p><p>Die Nutzung einiger Inhalte oder Dienste der Website kann durch vorherige Anmeldung oder Registrierung des Benutzers erfolgen.<\/p><p>Der Benutzer<\/p><p>Der Zugriff, das Browsen und die Nutzung der Website sowie die R\u00e4ume, die f\u00fcr die Interaktion zwischen den Benutzern und zwischen dem Benutzer und Pianist und Musikp\u00e4dagoge in Andalusien bereitgestellt werden, wie Kommentare und\/oder Blogging-R\u00e4ume, verleihen den Status eines Benutzers. Dadurch werden ab Beginn des Browsens auf der Website alle hier festgelegten Bedingungen sowie deren sp\u00e4tere \u00c4nderungen akzeptiert, unbeschadet der Anwendung der entsprechenden zwingenden gesetzlichen Vorschriften.<\/p><p>Die Website von Pianist und Musikp\u00e4dagoge in Andalusien bietet eine gro\u00dfe Vielfalt an Informationen, Diensten und Daten. Der Benutzer \u00fcbernimmt die Verantwortung f\u00fcr die korrekte Nutzung der Website. Diese Verantwortung erstreckt sich auf:<\/p><ul><li>Die Nutzung der Informationen, Inhalte und\/oder Dienste und Daten, die von Pianist und Musikp\u00e4dagoge in Andalusien angeboten werden, ohne dass dies den Bestimmungen dieser Bedingungen, dem Gesetz, der Moral oder der \u00f6ffentlichen Ordnung widerspricht oder die Rechte Dritter oder den Betrieb der Website auf andere Weise beeintr\u00e4chtigt.<\/li><li>Die Richtigkeit und Rechtm\u00e4\u00dfigkeit der Informationen, die der Benutzer in den Formularen bereitstellt, die von Pianist und Musikp\u00e4dagoge in Andalusien f\u00fcr den Zugriff auf bestimmte Inhalte oder Dienste der Website zur Verf\u00fcgung gestellt werden. In jedem Fall wird der Benutzer Pianist und Musikp\u00e4dagoge in Andalusien unverz\u00fcglich \u00fcber jede Tatsache informieren, die einen Missbrauch der in diesen Formularen registrierten Informationen erm\u00f6glicht, wie z.B. Diebstahl, Verlust oder unbefugten Zugriff auf Kennungen und\/oder Passw\u00f6rter, um deren sofortige L\u00f6schung vorzunehmen.<\/li><\/ul><p>Pianist und Musikp\u00e4dagoge in Andalusien beh\u00e4lt sich das Recht vor, alle Kommentare und Beitr\u00e4ge zu entfernen, die gegen das Gesetz, die W\u00fcrde der Person, diskriminierend, fremdenfeindlich, rassistisch, pornografisch sind, Spam enthalten, die Jugend oder Kindheit beeintr\u00e4chtigen, die \u00f6ffentliche Ordnung oder Sicherheit gef\u00e4hrden oder die ihrer Meinung nach nicht zur Ver\u00f6ffentlichung geeignet sind.<\/p><p>In jedem Fall ist Pianist und Musikp\u00e4dagoge in Andalusien nicht verantwortlich f\u00fcr die Meinungen, die von den Benutzern \u00fcber Kommentare oder andere Blogging- oder Teilnahme-Tools ge\u00e4u\u00dfert werden k\u00f6nnen.<\/p><p>Der blo\u00dfe Zugriff auf diese Website begr\u00fcndet keine Art von Gesch\u00e4ftsbeziehung zwischen Pianist und Musikp\u00e4dagoge in Andalusien und dem Benutzer.<\/p><p>Der Benutzer erkl\u00e4rt, vollj\u00e4hrig zu sein und \u00fcber die erforderliche Rechtsf\u00e4higkeit zu verf\u00fcgen, um an diese Bedingungen gebunden zu sein. Daher richtet sich diese Website von Pianist und Musikp\u00e4dagoge in Andalusien nicht an Minderj\u00e4hrige. Pianist und Musikp\u00e4dagoge in Andalusien lehnt jede Verantwortung f\u00fcr die Nichteinhaltung dieses Erfordernisses ab.<\/p><p>Die Website richtet sich haupts\u00e4chlich an Benutzer mit Wohnsitz in Spanien. Pianist und Musikp\u00e4dagoge in Andalusien garantiert nicht, dass die Website den Gesetzen anderer L\u00e4nder, ganz oder teilweise, entspricht. Wenn der Benutzer in einem anderen Land ans\u00e4ssig ist und beschlie\u00dft, auf die Website zuzugreifen und zu surfen, tut er dies auf eigene Verantwortung und muss sicherstellen, dass dieser Zugriff und das Browsen den geltenden lokalen Gesetzen entsprechen. Pianist und Musikp\u00e4dagoge in Andalusien \u00fcbernimmt keine Verantwortung, die sich aus diesem Zugriff ergeben k\u00f6nnte.<\/p><p>III. ZUGANG UND NAVIGATION AUF DER WEBSITE: AUSSCHLUSS VON GARANTIEN UND HAFTUNG<\/p><p>Pianist und Musikp\u00e4dagoge in Andalusien garantiert nicht die Kontinuit\u00e4t, Verf\u00fcgbarkeit und N\u00fctzlichkeit der Website, noch der Inhalte oder Dienste. Pianist und Musikp\u00e4dagoge in Andalusien wird alles tun, um den ordnungsgem\u00e4\u00dfen Betrieb der Website zu gew\u00e4hrleisten. Trotzdem \u00fcbernimmt er keine Verantwortung oder Garantie, dass der Zugang zu dieser Website ununterbrochen oder fehlerfrei ist.<\/p><p>Ebenso wird nicht garantiert oder sichergestellt, dass der Inhalt oder die Software, auf die \u00fcber diese Website zugegriffen werden kann, fehlerfrei ist oder Sch\u00e4den am Computersystem (Software und Hardware) des Benutzers verursacht. In keinem Fall ist Pianist und Musikp\u00e4dagoge in Andalusien verantwortlich f\u00fcr Verluste, Sch\u00e4den oder Beeintr\u00e4chtigungen jeglicher Art, die durch den Zugriff, das Browsen und die Nutzung der Website entstehen, einschlie\u00dflich, aber nicht beschr\u00e4nkt auf die, die an Computersystemen verursacht werden oder durch die Einf\u00fchrung von Viren entstehen.<\/p><p>Pianist und Musikp\u00e4dagoge in Andalusien ist auch nicht verantwortlich f\u00fcr Sch\u00e4den, die den Benutzern durch eine unsachgem\u00e4\u00dfe Nutzung dieser Website entstehen k\u00f6nnen. Insbesondere ist er in keiner Weise verantwortlich f\u00fcr Ausf\u00e4lle, Unterbrechungen, M\u00e4ngel oder St\u00f6rungen der Telekommunikation, die auftreten k\u00f6nnen.<\/p><p>IV. LINK-POLITIK<\/p><p>Der Benutzer oder Dritte, der einen Hyperlink von einer Webseite einer anderen, unterschiedlichen Website zur Website von Pianist und Musikp\u00e4dagoge in Andalusien erstellt, sollte wissen, dass:<\/p><p>Eine Reproduktion &#8211; ganz oder teilweise &#8211; von Inhalten und\/oder Diensten der Website ohne ausdr\u00fcckliche Genehmigung von Pianist und Musikp\u00e4dagoge in Andalusien nicht gestattet ist. Ebenso ist keine falsche, ungenaue oder falsche Aussage \u00fcber die Website von Pianist und Musikp\u00e4dagoge in Andalusien oder \u00fcber deren Inhalte und\/oder Dienste zul\u00e4ssig. Mit Ausnahme des Hyperlinks enth\u00e4lt die Website, auf der dieser Hyperlink eingerichtet ist, keine Elemente dieser Website, die als geistiges Eigentum nach spanischem Recht gesch\u00fctzt sind, es sei denn, dies wird von Pianist und Musikp\u00e4dagoge in Andalusien ausdr\u00fccklich genehmigt. Die Einrichtung des Hyperlinks impliziert keine Beziehung zwischen Pianist und Musikp\u00e4dagoge in Andalusien und dem Inhaber der Website, von der aus der Hyperlink erstellt wird, noch das Wissen oder die Annahme von Pianist und Musikp\u00e4dagoge in Andalusien der Inhalte, Dienste und\/oder Aktivit\u00e4ten, die auf dieser Website angeboten werden, und umgekehrt.<\/p><p>V. GEISTIGES UND GEWERBLICHES EIGENTUM<\/p><p>Pianist und Musikp\u00e4dagoge in Andalusien, allein oder als Rechtsnachfolger, ist Inhaber aller geistigen und gewerblichen Eigentumsrechte der Website sowie der darin enthaltenen Elemente (einschlie\u00dflich, aber nicht beschr\u00e4nkt auf Bilder, Ton, Audio, Video, Software oder Texte, Marken oder Logos, Farbkombinationen, Struktur und Design, Auswahl der verwendeten Materialien, Computerprogramme, die f\u00fcr den Betrieb, den Zugang und die Nutzung erforderlich sind usw.). Sie sind daher als geistiges Eigentum durch das spanische Rechtssystem gesch\u00fctzt, und sowohl die spanischen als auch die gemeinschaftlichen Vorschriften in diesem Bereich sowie die von Spanien unterzeichneten internationalen Vertr\u00e4ge finden Anwendung.<\/p><p>Alle Rechte vorbehalten. Gem\u00e4\u00df den Bestimmungen des Urheberrechtsgesetzes ist die Vervielf\u00e4ltigung, Verbreitung und \u00f6ffentliche Wiedergabe, einschlie\u00dflich der Art der Bereitstellung, des gesamten oder eines Teils des Inhalts dieser Webseite zu kommerziellen Zwecken auf jeglichem Medium und mit jeglichen technischen Mitteln ohne die Genehmigung von Pianist und Musikp\u00e4dagoge in Andalusien ausdr\u00fccklich verboten.<\/p><p>Der Benutzer verpflichtet sich, die geistigen und gewerblichen Eigentumsrechte von Pianist und Musikp\u00e4dagoge in Andalusien zu respektieren. Er kann die Elemente der Website einsehen und sogar drucken, kopieren und auf der Festplatte seines Computers oder auf einem anderen physischen Datentr\u00e4ger speichern, sofern dies ausschlie\u00dflich f\u00fcr seinen pers\u00f6nlichen und privaten Gebrauch erfolgt. Der Benutzer darf jedoch keine Schutzvorrichtungen oder Sicherheitssysteme, die auf der Website installiert sind, entfernen, \u00e4ndern, umgehen oder manipulieren.<\/p><p>Falls der Benutzer oder Dritte der Ansicht ist, dass ein bestimmter Inhalt der Website eine Verletzung der Rechte am Schutz des geistigen Eigentums darstellt, muss er Pianist und Musikp\u00e4dagoge in Andalusien unverz\u00fcglich \u00fcber die Kontaktdaten im Abschnitt ALLGEMEINE INFORMATIONEN dieses rechtlichen Hinweises informieren.<\/p><p>VI. RECHTLICHE SCHRITTE, ANWENDBARES RECHT UND GERICHTSBARKEIT<\/p><p>Pianist und Musikp\u00e4dagoge in Andalusien beh\u00e4lt sich das Recht vor, zivil- oder strafrechtliche Schritte einzuleiten, die er f\u00fcr notwendig h\u00e4lt, aufgrund der unsachgem\u00e4\u00dfen Nutzung der Website und der Inhalte oder aufgrund der Verletzung dieser Bedingungen.<\/p><p>Die Beziehung zwischen dem Benutzer und Pianist und Musikp\u00e4dagoge in Andalusien unterliegt den geltenden und in Spanien anwendbaren Vorschriften. Im Falle von Streitigkeiten \u00fcber die Auslegung und\/oder Anwendung dieser Bedingungen werden die Parteien ihre Konflikte der ordentlichen Gerichtsbarkeit unterbreiten, indem sie die Richter und Gerichte gem\u00e4\u00df dem Gesetz entsprechend unterwerfen.<\/p>\t\t\t\t\t\t\t\t<\/div>\n\t\t\t\t<\/div>\n\t\t\t\t\t<\/div>\n\t\t\t\t<\/div>\n\t\t\t\t<\/div>","protected":false},"excerpt":{"rendered":"<p>I. ALLGEMEINE INFORMATIONEN In Erf\u00fcllung der Informationspflicht gem\u00e4\u00df Gesetz 34\/2002 \u00fcber Dienstleistungen der Informationsgesellschaft und des elektronischen Handels (LSSI-CE) vom 11. Juli, werden nachfolgend die allgemeinen Informationen dieser Website bereitgestellt: Der Inhaber dieser Website, https:\/\/gerhardklassen.com\/ (im Folgenden &#8222;Website&#8220;), ist: Gerhard Klassen, mit NIF: Y5000279R, und dessen Kontaktdaten sind: Adresse: C\/Fontiveros 46, 7\u00b0G 18008 Granada Kontakttelefon: [&hellip;]<\/p>\n","protected":false},"author":65,"featured_media":0,"parent":0,"menu_order":10,"comment_status":"closed","ping_status":"closed","template":"elementor_header_footer","meta":{"footnotes":""},"class_list":["post-611","page","type-page","status-publish","hentry"],"yoast_head":"<!-- This site is optimized with the Yoast SEO plugin v26.8 - https:\/\/yoast.com\/product\/yoast-seo-wordpress\/ -->\n<title>Rechtliche Warnung - Gerhard Klassen<\/title>\n<meta name=\"robots\" content=\"noindex, follow\" \/>\n<meta property=\"og:locale\" content=\"zh_CN\" \/>\n<meta property=\"og:type\" content=\"article\" \/>\n<meta property=\"og:title\" content=\"Rechtliche Warnung - Gerhard Klassen\" \/>\n<meta property=\"og:description\" content=\"I. ALLGEMEINE INFORMATIONEN In Erf\u00fcllung der Informationspflicht gem\u00e4\u00df Gesetz 34\/2002 \u00fcber Dienstleistungen der Informationsgesellschaft und des elektronischen Handels (LSSI-CE) vom 11. Juli, werden nachfolgend die allgemeinen Informationen dieser Website bereitgestellt: Der Inhaber dieser Website, https:\/\/gerhardklassen.com\/ (im Folgenden &#8222;Website&#8220;), ist: Gerhard Klassen, mit NIF: Y5000279R, und dessen Kontaktdaten sind: Adresse: C\/Fontiveros 46, 7\u00b0G 18008 Granada Kontakttelefon: [&hellip;]\" \/>\n<meta property=\"og:url\" content=\"https:\/\/gerhardklassen.com\/zh\/impressum\/\" \/>\n<meta property=\"og:site_name\" content=\"Gerhard Klassen\" \/>\n<meta property=\"article:modified_time\" content=\"2024-05-16T17:46:33+00:00\" \/>\n<meta name=\"twitter:card\" content=\"summary_large_image\" \/>\n<meta name=\"twitter:label1\" content=\"\u9884\u8ba1\u9605\u8bfb\u65f6\u95f4\" \/>\n\t<meta name=\"twitter:data1\" content=\"7 \u5206\" \/>\n<script type=\"application\/ld+json\" class=\"yoast-schema-graph\">{\"@context\":\"https:\/\/schema.org\",\"@graph\":[{\"@type\":\"WebPage\",\"@id\":\"https:\/\/gerhardklassen.com\/impressum\/\",\"url\":\"https:\/\/gerhardklassen.com\/impressum\/\",\"name\":\"Rechtliche Warnung - Gerhard Klassen\",\"isPartOf\":{\"@id\":\"https:\/\/gerhardklassen.com\/#website\"},\"datePublished\":\"2024-03-09T10:45:08+00:00\",\"dateModified\":\"2024-05-16T17:46:33+00:00\",\"breadcrumb\":{\"@id\":\"https:\/\/gerhardklassen.com\/impressum\/#breadcrumb\"},\"inLanguage\":\"zh-Hans\",\"potentialAction\":[{\"@type\":\"ReadAction\",\"target\":[\"https:\/\/gerhardklassen.com\/impressum\/\"]}]},{\"@type\":\"BreadcrumbList\",\"@id\":\"https:\/\/gerhardklassen.com\/impressum\/#breadcrumb\",\"itemListElement\":[{\"@type\":\"ListItem\",\"position\":1,\"name\":\"Portada\",\"item\":\"https:\/\/gerhardklassen.com\/\"},{\"@type\":\"ListItem\",\"position\":2,\"name\":\"Rechtliche Warnung\"}]},{\"@type\":\"WebSite\",\"@id\":\"https:\/\/gerhardklassen.com\/#website\",\"url\":\"https:\/\/gerhardklassen.com\/\",\"name\":\"Gerhard Klassen\",\"description\":\"Musikwelten erkunden\",\"publisher\":{\"@id\":\"https:\/\/gerhardklassen.com\/#organization\"},\"potentialAction\":[{\"@type\":\"SearchAction\",\"target\":{\"@type\":\"EntryPoint\",\"urlTemplate\":\"https:\/\/gerhardklassen.com\/?s={search_term_string}\"},\"query-input\":{\"@type\":\"PropertyValueSpecification\",\"valueRequired\":true,\"valueName\":\"search_term_string\"}}],\"inLanguage\":\"zh-Hans\"},{\"@type\":\"Organization\",\"@id\":\"https:\/\/gerhardklassen.com\/#organization\",\"name\":\"Gerhard Klassen\",\"url\":\"https:\/\/gerhardklassen.com\/\",\"logo\":{\"@type\":\"ImageObject\",\"inLanguage\":\"zh-Hans\",\"@id\":\"https:\/\/gerhardklassen.com\/#\/schema\/logo\/image\/\",\"url\":\"https:\/\/gerhardklassen.com\/wp-content\/uploads\/2024\/04\/4.png\",\"contentUrl\":\"https:\/\/gerhardklassen.com\/wp-content\/uploads\/2024\/04\/4.png\",\"width\":500,\"height\":500,\"caption\":\"Gerhard Klassen\"},\"image\":{\"@id\":\"https:\/\/gerhardklassen.com\/#\/schema\/logo\/image\/\"}}]}<\/script>\n<!-- \/ Yoast SEO plugin. -->","yoast_head_json":{"title":"Rechtliche Warnung - Gerhard Klassen","robots":{"index":"noindex","follow":"follow"},"og_locale":"zh_CN","og_type":"article","og_title":"Rechtliche Warnung - Gerhard Klassen","og_description":"I. ALLGEMEINE INFORMATIONEN In Erf\u00fcllung der Informationspflicht gem\u00e4\u00df Gesetz 34\/2002 \u00fcber Dienstleistungen der Informationsgesellschaft und des elektronischen Handels (LSSI-CE) vom 11. Juli, werden nachfolgend die allgemeinen Informationen dieser Website bereitgestellt: Der Inhaber dieser Website, https:\/\/gerhardklassen.com\/ (im Folgenden &#8222;Website&#8220;), ist: Gerhard Klassen, mit NIF: Y5000279R, und dessen Kontaktdaten sind: Adresse: C\/Fontiveros 46, 7\u00b0G 18008 Granada Kontakttelefon: [&hellip;]","og_url":"https:\/\/gerhardklassen.com\/zh\/impressum\/","og_site_name":"Gerhard Klassen","article_modified_time":"2024-05-16T17:46:33+00:00","twitter_card":"summary_large_image","twitter_misc":{"\u9884\u8ba1\u9605\u8bfb\u65f6\u95f4":"7 \u5206"},"schema":{"@context":"https:\/\/schema.org","@graph":[{"@type":"WebPage","@id":"https:\/\/gerhardklassen.com\/impressum\/","url":"https:\/\/gerhardklassen.com\/impressum\/","name":"Rechtliche Warnung - Gerhard Klassen","isPartOf":{"@id":"https:\/\/gerhardklassen.com\/#website"},"datePublished":"2024-03-09T10:45:08+00:00","dateModified":"2024-05-16T17:46:33+00:00","breadcrumb":{"@id":"https:\/\/gerhardklassen.com\/impressum\/#breadcrumb"},"inLanguage":"zh-Hans","potentialAction":[{"@type":"ReadAction","target":["https:\/\/gerhardklassen.com\/impressum\/"]}]},{"@type":"BreadcrumbList","@id":"https:\/\/gerhardklassen.com\/impressum\/#breadcrumb","itemListElement":[{"@type":"ListItem","position":1,"name":"Portada","item":"https:\/\/gerhardklassen.com\/"},{"@type":"ListItem","position":2,"name":"Rechtliche Warnung"}]},{"@type":"WebSite","@id":"https:\/\/gerhardklassen.com\/#website","url":"https:\/\/gerhardklassen.com\/","name":"Gerhard Klassen","description":"Musikwelten erkunden","publisher":{"@id":"https:\/\/gerhardklassen.com\/#organization"},"potentialAction":[{"@type":"SearchAction","target":{"@type":"EntryPoint","urlTemplate":"https:\/\/gerhardklassen.com\/?s={search_term_string}"},"query-input":{"@type":"PropertyValueSpecification","valueRequired":true,"valueName":"search_term_string"}}],"inLanguage":"zh-Hans"},{"@type":"Organization","@id":"https:\/\/gerhardklassen.com\/#organization","name":"Gerhard Klassen","url":"https:\/\/gerhardklassen.com\/","logo":{"@type":"ImageObject","inLanguage":"zh-Hans","@id":"https:\/\/gerhardklassen.com\/#\/schema\/logo\/image\/","url":"https:\/\/gerhardklassen.com\/wp-content\/uploads\/2024\/04\/4.png","contentUrl":"https:\/\/gerhardklassen.com\/wp-content\/uploads\/2024\/04\/4.png","width":500,"height":500,"caption":"Gerhard Klassen"},"image":{"@id":"https:\/\/gerhardklassen.com\/#\/schema\/logo\/image\/"}}]}},"_links":{"self":[{"href":"https:\/\/gerhardklassen.com\/zh\/wp-json\/wp\/v2\/pages\/611","targetHints":{"allow":["GET"]}}],"collection":[{"href":"https:\/\/gerhardklassen.com\/zh\/wp-json\/wp\/v2\/pages"}],"about":[{"href":"https:\/\/gerhardklassen.com\/zh\/wp-json\/wp\/v2\/types\/page"}],"author":[{"embeddable":true,"href":"https:\/\/gerhardklassen.com\/zh\/wp-json\/wp\/v2\/users\/65"}],"replies":[{"embeddable":true,"href":"https:\/\/gerhardklassen.com\/zh\/wp-json\/wp\/v2\/comments?post=611"}],"version-history":[{"count":12,"href":"https:\/\/gerhardklassen.com\/zh\/wp-json\/wp\/v2\/pages\/611\/revisions"}],"predecessor-version":[{"id":1527,"href":"https:\/\/gerhardklassen.com\/zh\/wp-json\/wp\/v2\/pages\/611\/revisions\/1527"}],"wp:attachment":[{"href":"https:\/\/gerhardklassen.com\/zh\/wp-json\/wp\/v2\/media?parent=611"}],"curies":[{"name":"wp","href":"https:\/\/api.w.org\/{rel}","templated":true}]}}