{"id":613,"date":"2024-03-09T10:45:16","date_gmt":"2024-03-09T10:45:16","guid":{"rendered":"https:\/\/gerhardklassen.com\/?page_id=613"},"modified":"2024-05-16T17:46:59","modified_gmt":"2024-05-16T17:46:59","slug":"politica-de-cookies","status":"publish","type":"page","link":"https:\/\/gerhardklassen.com\/zh\/cookies\/","title":{"rendered":"Cookie Politik"},"content":{"rendered":"<style>.elementor-613 .elementor-element.elementor-element-253d6ac{--display:flex;--flex-direction:column;--container-widget-width:calc( ( 1 - var( --container-widget-flex-grow ) ) * 100% );--container-widget-height:initial;--container-widget-flex-grow:0;--container-widget-align-self:initial;--flex-wrap-mobile:wrap;--align-items:center;--gap:0px 0px;--row-gap:0px;--column-gap:0px;--padding-top:50px;--padding-bottom:50px;--padding-left:0px;--padding-right:0px;}.elementor-613 .elementor-element.elementor-element-253d6ac:not(.elementor-motion-effects-element-type-background), .elementor-613 .elementor-element.elementor-element-253d6ac > .elementor-motion-effects-container > .elementor-motion-effects-layer{background-color:var( --e-global-color-secondary );}.elementor-613 .elementor-element.elementor-element-44a875b .elementor-heading-title{color:var( --e-global-color-9e41e9e );}.elementor-613 .elementor-element.elementor-element-14b2b39{--display:flex;--flex-direction:column;--container-widget-width:100%;--container-widget-height:initial;--container-widget-flex-grow:0;--container-widget-align-self:initial;--flex-wrap-mobile:wrap;--gap:20px 0px;--row-gap:20px;--column-gap:0px;--padding-top:80px;--padding-bottom:80px;--padding-left:0px;--padding-right:0px;}@media(max-width:1279px){.elementor-613 .elementor-element.elementor-element-253d6ac{--padding-top:40px;--padding-bottom:40px;--padding-left:0px;--padding-right:0px;}.elementor-613 .elementor-element.elementor-element-14b2b39{--padding-top:80px;--padding-bottom:80px;--padding-left:20px;--padding-right:20px;}}@media(max-width:850px){.elementor-613 .elementor-element.elementor-element-253d6ac{--padding-top:30px;--padding-bottom:30px;--padding-left:0px;--padding-right:0px;}.elementor-613 .elementor-element.elementor-element-14b2b39{--padding-top:60px;--padding-bottom:60px;--padding-left:20px;--padding-right:20px;}}<\/style>\t\t<div data-elementor-type=\"wp-page\" data-elementor-id=\"613\" class=\"elementor elementor-613\" data-elementor-post-type=\"page\">\n\t\t\t\t<div class=\"elementor-element elementor-element-253d6ac e-flex e-con-boxed e-con e-parent\" data-id=\"253d6ac\" data-element_type=\"container\" data-e-type=\"container\" data-settings=\"{&quot;background_background&quot;:&quot;classic&quot;}\">\n\t\t\t\t\t<div class=\"e-con-inner\">\n\t\t\t\t\t<\/div>\n\t\t\t\t<\/div>\n\t\t<div class=\"elementor-element elementor-element-14b2b39 e-flex e-con-boxed e-con e-parent\" data-id=\"14b2b39\" data-element_type=\"container\" data-e-type=\"container\">\n\t\t\t\t\t<div class=\"e-con-inner\">\n\t\t\t\t<div class=\"elementor-element elementor-element-910f59e elementor-widget elementor-widget-text-editor\" data-id=\"910f59e\" data-element_type=\"widget\" data-e-type=\"widget\" data-widget_type=\"text-editor.default\">\n\t\t\t\t<div class=\"elementor-widget-container\">\n\t\t\t\t\t\t\t\t\t<p>Der Zugang zu dieser Website kann die Verwendung von Cookies beinhalten. Cookies sind kleine Informationsmengen, die im Browser jedes Benutzers gespeichert werden \u2013 auf den verschiedenen Ger\u00e4ten, die er zum Surfen nutzen kann \u2013, damit der Server bestimmte Informationen sp\u00e4ter nur noch vom Server, der sie implementiert hat, lesen kann. Cookies erleichtern das Surfen, machen es benutzerfreundlicher und besch\u00e4digen das Surfger\u00e4t nicht.<\/p><p>Cookies sind automatische Verfahren zur Sammlung von Informationen \u00fcber die vom Benutzer w\u00e4hrend seines Besuchs auf der Website festgelegten Pr\u00e4ferenzen, um ihn als Benutzer zu erkennen, seine Erfahrung und Nutzung der Website zu personalisieren, und k\u00f6nnen auch beispielsweise helfen, Fehler zu identifizieren und zu l\u00f6sen.<\/p><p>Die durch Cookies gesammelten Informationen k\u00f6nnen das Datum und die Uhrzeit der Besuche auf der Website, die angesehenen Seiten, die Zeit, die auf der Website verbracht wurde, und die unmittelbar vor und nach dem Besuch besuchten Websites umfassen. Keine Cookie erm\u00f6glicht es jedoch, den Benutzer \u00fcber dessen Telefonnummer oder andere pers\u00f6nliche Kontaktmittel zu kontaktieren. Keine Cookie kann Informationen von der Festplatte des Benutzers extrahieren oder pers\u00f6nliche Informationen stehlen. Die einzige M\u00f6glichkeit, dass private Informationen des Benutzers Teil der Cookie-Datei werden, ist, dass der Benutzer diese Informationen pers\u00f6nlich dem Server zur Verf\u00fcgung stellt.<\/p><p>Cookies, die eine Person identifizieren k\u00f6nnen, gelten als personenbezogene Daten. Daher unterliegen sie der zuvor beschriebenen Datenschutzrichtlinie. In diesem Sinne ist die Zustimmung des Benutzers f\u00fcr ihre Verwendung erforderlich. Diese Zustimmung wird auf der Grundlage einer echten Wahl, durch eine positive und best\u00e4tigende Entscheidung, vor der ersten Verarbeitung, widerruflich und dokumentiert mitgeteilt.<\/p><p>Eigene Cookies<\/p><p>Dies sind Cookies, die an den Computer oder das Ger\u00e4t des Benutzers gesendet und ausschlie\u00dflich von Pianist und Musikp\u00e4dagoge in Andalusien verwaltet werden, um die Funktionsweise der Website zu verbessern. Die gesammelten Informationen werden verwendet, um die Qualit\u00e4t der Website und ihrer Inhalte sowie die Benutzererfahrung zu verbessern. Diese Cookies erm\u00f6glichen es, den Benutzer als wiederkehrenden Besucher der Website zu erkennen und den Inhalt anzupassen, um ihm Inhalte anzubieten, die seinen Pr\u00e4ferenzen entsprechen.<\/p><p>Cookies von Dritten<\/p><p>Dies sind Cookies, die von externen Entit\u00e4ten verwendet und verwaltet werden, die Pianist und Musikp\u00e4dagoge in Andalusien angeforderte Dienste zur Verbesserung der Website und der Benutzererfahrung beim Surfen auf der Website bereitstellen. Die Hauptziele, f\u00fcr die Cookies von Dritten verwendet werden, sind das Erlangen von Zugriffsstatistiken und die Analyse von Navigationsinformationen, das hei\u00dft, wie der Benutzer mit der Website interagiert.<\/p><p>Die erhaltenen Informationen beziehen sich beispielsweise auf die Anzahl der besuchten Seiten, die Sprache, den Ort, von dem aus die IP-Adresse des Benutzers auf die Website zugreift, die Anzahl der Zugriffe, die H\u00e4ufigkeit und Wiederkehr der Besuche, die Besuchszeit, den verwendeten Browser, den Betreiber oder den Ger\u00e4tetyp, von dem aus der Besuch erfolgt. Diese Informationen werden verwendet, um die Website zu verbessern und neue Bed\u00fcrfnisse zu erkennen, um den Benutzern Inhalte und\/oder Dienstleistungen von optimaler Qualit\u00e4t anzubieten. In jedem Fall werden die Informationen anonym gesammelt und Trendberichte der Website erstellt, ohne einzelne Benutzer zu identifizieren.<\/p><p>Weitere Informationen zu Cookies, Datenschutzinformationen oder die Beschreibung der verwendeten Cookie-Typen, deren Hauptmerkmale, Ablaufzeiten usw. finden Sie unter folgendem(n) Link(s):<\/p><p>Die Entit\u00e4t(en), die f\u00fcr die Bereitstellung der Cookies verantwortlich ist\/sind, kann\/k\u00f6nnen diese Informationen an Dritte weitergeben, sofern dies gesetzlich vorgeschrieben ist oder ein Dritter diese Informationen f\u00fcr diese Entit\u00e4ten verarbeitet.<\/p><p>Cookies von sozialen Netzwerken<\/p><p>Pianist und Musikp\u00e4dagoge in Andalusien integriert Plugins von sozialen Netzwerken, die den Zugriff von der Website aus erm\u00f6glichen. Aus diesem Grund k\u00f6nnen Cookies von sozialen Netzwerken im Browser des Benutzers gespeichert werden. Die Inhaber dieser sozialen Netzwerke haben ihre eigenen Datenschutz- und Cookie-Richtlinien und sind in jedem Fall f\u00fcr ihre eigenen Dateien und Datenschutzpraktiken verantwortlich. Der Benutzer sollte diese zur Information \u00fcber diese Cookies und gegebenenfalls die Verarbeitung seiner personenbezogenen Daten konsultieren. Nachfolgend sind rein informativ die Links aufgef\u00fchrt, unter denen diese Datenschutz- und\/oder Cookie-Richtlinien eingesehen werden k\u00f6nnen:<\/p><ul><li>Facebook: <a href=\"https:\/\/www.facebook.com\/policies\/cookies\/\" target=\"_new\" rel=\"noreferrer\">https:\/\/www.facebook.com\/policies\/cookies\/<\/a><\/li><li>Twitter: <a href=\"https:\/\/twitter.com\/es\/privacy\" target=\"_new\" rel=\"noreferrer\">https:\/\/twitter.com\/es\/privacy<\/a><\/li><li>Instagram: <a href=\"https:\/\/help.instagram.com\/1896641480634370?ref=ig\" target=\"_new\" rel=\"noreferrer\">https:\/\/help.instagram.com\/1896641480634370?ref=ig<\/a><\/li><li>YouTube: <a target=\"_new\" rel=\"noreferrer\">https:\/\/policies.google.com\/privacy?hl=es-419&amp;gl=mx<\/a><\/li><li>Pinterest: <a href=\"https:\/\/policy.pinterest.com\/es\/privacy-policy\" target=\"_new\" rel=\"noreferrer\">https:\/\/policy.pinterest.com\/es\/privacy-policy<\/a><\/li><li>LinkedIn: <a href=\"https:\/\/www.linkedin.com\/legal\/cookie-policy?trk=hp-cookies\" target=\"_new\" rel=\"noreferrer\">https:\/\/www.linkedin.com\/legal\/cookie-policy?trk=hp-cookies<\/a><\/li><\/ul><p>Deaktivieren, ablehnen und l\u00f6schen von Cookies<\/p><p>Der Benutzer kann die Cookies \u2013 ganz oder teilweise \u2013 deaktivieren, ablehnen und l\u00f6schen, die auf seinem Ger\u00e4t installiert sind, indem er die Konfiguration seines Browsers (unter anderem Chrome, Firefox, Safari, Explorer) anpasst. In diesem Sinne k\u00f6nnen die Verfahren zum Ablehnen und L\u00f6schen von Cookies von einem Internetbrowser zum anderen unterschiedlich sein. Daher sollte der Benutzer die Anweisungen des von ihm verwendeten Internetbrowsers befolgen. Im Falle einer Ablehnung der Verwendung von Cookies \u2013 ganz oder teilweise \u2013 kann der Benutzer die Website weiterhin nutzen, jedoch kann die Nutzung einiger Funktionen eingeschr\u00e4nkt sein.<\/p><p>\u00a0<\/p>\t\t\t\t\t\t\t\t<\/div>\n\t\t\t\t<\/div>\n\t\t\t\t\t<\/div>\n\t\t\t\t<\/div>\n\t\t\t\t<\/div>","protected":false},"excerpt":{"rendered":"<p>Der Zugang zu dieser Website kann die Verwendung von Cookies beinhalten. Cookies sind kleine Informationsmengen, die im Browser jedes Benutzers gespeichert werden \u2013 auf den verschiedenen Ger\u00e4ten, die er zum Surfen nutzen kann \u2013, damit der Server bestimmte Informationen sp\u00e4ter nur noch vom Server, der sie implementiert hat, lesen kann. Cookies erleichtern das Surfen, machen [&hellip;]<\/p>\n","protected":false},"author":18,"featured_media":0,"parent":0,"menu_order":12,"comment_status":"closed","ping_status":"closed","template":"elementor_header_footer","meta":{"footnotes":""},"class_list":["post-613","page","type-page","status-publish","hentry"],"yoast_head":"<!-- This site is optimized with the Yoast SEO plugin v26.8 - https:\/\/yoast.com\/product\/yoast-seo-wordpress\/ -->\n<title>Cookie Politik - Gerhard Klassen<\/title>\n<meta name=\"robots\" content=\"noindex, follow\" \/>\n<meta property=\"og:locale\" content=\"zh_CN\" \/>\n<meta property=\"og:type\" content=\"article\" \/>\n<meta property=\"og:title\" content=\"Cookie Politik - Gerhard Klassen\" \/>\n<meta property=\"og:description\" content=\"Der Zugang zu dieser Website kann die Verwendung von Cookies beinhalten. Cookies sind kleine Informationsmengen, die im Browser jedes Benutzers gespeichert werden \u2013 auf den verschiedenen Ger\u00e4ten, die er zum Surfen nutzen kann \u2013, damit der Server bestimmte Informationen sp\u00e4ter nur noch vom Server, der sie implementiert hat, lesen kann. Cookies erleichtern das Surfen, machen [&hellip;]\" \/>\n<meta property=\"og:url\" content=\"https:\/\/gerhardklassen.com\/zh\/cookies\/\" \/>\n<meta property=\"og:site_name\" content=\"Gerhard Klassen\" \/>\n<meta property=\"article:modified_time\" content=\"2024-05-16T17:46:59+00:00\" \/>\n<meta name=\"twitter:card\" content=\"summary_large_image\" \/>\n<meta name=\"twitter:label1\" content=\"\u9884\u8ba1\u9605\u8bfb\u65f6\u95f4\" \/>\n\t<meta name=\"twitter:data1\" content=\"4 \u5206\" \/>\n<script type=\"application\/ld+json\" class=\"yoast-schema-graph\">{\"@context\":\"https:\/\/schema.org\",\"@graph\":[{\"@type\":\"WebPage\",\"@id\":\"https:\/\/gerhardklassen.com\/cookies\/\",\"url\":\"https:\/\/gerhardklassen.com\/cookies\/\",\"name\":\"Cookie Politik - Gerhard Klassen\",\"isPartOf\":{\"@id\":\"https:\/\/gerhardklassen.com\/#website\"},\"datePublished\":\"2024-03-09T10:45:16+00:00\",\"dateModified\":\"2024-05-16T17:46:59+00:00\",\"breadcrumb\":{\"@id\":\"https:\/\/gerhardklassen.com\/cookies\/#breadcrumb\"},\"inLanguage\":\"zh-Hans\",\"potentialAction\":[{\"@type\":\"ReadAction\",\"target\":[\"https:\/\/gerhardklassen.com\/cookies\/\"]}]},{\"@type\":\"BreadcrumbList\",\"@id\":\"https:\/\/gerhardklassen.com\/cookies\/#breadcrumb\",\"itemListElement\":[{\"@type\":\"ListItem\",\"position\":1,\"name\":\"Portada\",\"item\":\"https:\/\/gerhardklassen.com\/\"},{\"@type\":\"ListItem\",\"position\":2,\"name\":\"Cookie Politik\"}]},{\"@type\":\"WebSite\",\"@id\":\"https:\/\/gerhardklassen.com\/#website\",\"url\":\"https:\/\/gerhardklassen.com\/\",\"name\":\"Gerhard Klassen\",\"description\":\"Musikwelten erkunden\",\"publisher\":{\"@id\":\"https:\/\/gerhardklassen.com\/#organization\"},\"potentialAction\":[{\"@type\":\"SearchAction\",\"target\":{\"@type\":\"EntryPoint\",\"urlTemplate\":\"https:\/\/gerhardklassen.com\/?s={search_term_string}\"},\"query-input\":{\"@type\":\"PropertyValueSpecification\",\"valueRequired\":true,\"valueName\":\"search_term_string\"}}],\"inLanguage\":\"zh-Hans\"},{\"@type\":\"Organization\",\"@id\":\"https:\/\/gerhardklassen.com\/#organization\",\"name\":\"Gerhard Klassen\",\"url\":\"https:\/\/gerhardklassen.com\/\",\"logo\":{\"@type\":\"ImageObject\",\"inLanguage\":\"zh-Hans\",\"@id\":\"https:\/\/gerhardklassen.com\/#\/schema\/logo\/image\/\",\"url\":\"https:\/\/gerhardklassen.com\/wp-content\/uploads\/2024\/04\/4.png\",\"contentUrl\":\"https:\/\/gerhardklassen.com\/wp-content\/uploads\/2024\/04\/4.png\",\"width\":500,\"height\":500,\"caption\":\"Gerhard Klassen\"},\"image\":{\"@id\":\"https:\/\/gerhardklassen.com\/#\/schema\/logo\/image\/\"}}]}<\/script>\n<!-- \/ Yoast SEO plugin. -->","yoast_head_json":{"title":"Cookie Politik - Gerhard Klassen","robots":{"index":"noindex","follow":"follow"},"og_locale":"zh_CN","og_type":"article","og_title":"Cookie Politik - Gerhard Klassen","og_description":"Der Zugang zu dieser Website kann die Verwendung von Cookies beinhalten. Cookies sind kleine Informationsmengen, die im Browser jedes Benutzers gespeichert werden \u2013 auf den verschiedenen Ger\u00e4ten, die er zum Surfen nutzen kann \u2013, damit der Server bestimmte Informationen sp\u00e4ter nur noch vom Server, der sie implementiert hat, lesen kann. Cookies erleichtern das Surfen, machen [&hellip;]","og_url":"https:\/\/gerhardklassen.com\/zh\/cookies\/","og_site_name":"Gerhard Klassen","article_modified_time":"2024-05-16T17:46:59+00:00","twitter_card":"summary_large_image","twitter_misc":{"\u9884\u8ba1\u9605\u8bfb\u65f6\u95f4":"4 \u5206"},"schema":{"@context":"https:\/\/schema.org","@graph":[{"@type":"WebPage","@id":"https:\/\/gerhardklassen.com\/cookies\/","url":"https:\/\/gerhardklassen.com\/cookies\/","name":"Cookie Politik - Gerhard Klassen","isPartOf":{"@id":"https:\/\/gerhardklassen.com\/#website"},"datePublished":"2024-03-09T10:45:16+00:00","dateModified":"2024-05-16T17:46:59+00:00","breadcrumb":{"@id":"https:\/\/gerhardklassen.com\/cookies\/#breadcrumb"},"inLanguage":"zh-Hans","potentialAction":[{"@type":"ReadAction","target":["https:\/\/gerhardklassen.com\/cookies\/"]}]},{"@type":"BreadcrumbList","@id":"https:\/\/gerhardklassen.com\/cookies\/#breadcrumb","itemListElement":[{"@type":"ListItem","position":1,"name":"Portada","item":"https:\/\/gerhardklassen.com\/"},{"@type":"ListItem","position":2,"name":"Cookie Politik"}]},{"@type":"WebSite","@id":"https:\/\/gerhardklassen.com\/#website","url":"https:\/\/gerhardklassen.com\/","name":"Gerhard Klassen","description":"Musikwelten erkunden","publisher":{"@id":"https:\/\/gerhardklassen.com\/#organization"},"potentialAction":[{"@type":"SearchAction","target":{"@type":"EntryPoint","urlTemplate":"https:\/\/gerhardklassen.com\/?s={search_term_string}"},"query-input":{"@type":"PropertyValueSpecification","valueRequired":true,"valueName":"search_term_string"}}],"inLanguage":"zh-Hans"},{"@type":"Organization","@id":"https:\/\/gerhardklassen.com\/#organization","name":"Gerhard Klassen","url":"https:\/\/gerhardklassen.com\/","logo":{"@type":"ImageObject","inLanguage":"zh-Hans","@id":"https:\/\/gerhardklassen.com\/#\/schema\/logo\/image\/","url":"https:\/\/gerhardklassen.com\/wp-content\/uploads\/2024\/04\/4.png","contentUrl":"https:\/\/gerhardklassen.com\/wp-content\/uploads\/2024\/04\/4.png","width":500,"height":500,"caption":"Gerhard Klassen"},"image":{"@id":"https:\/\/gerhardklassen.com\/#\/schema\/logo\/image\/"}}]}},"_links":{"self":[{"href":"https:\/\/gerhardklassen.com\/zh\/wp-json\/wp\/v2\/pages\/613","targetHints":{"allow":["GET"]}}],"collection":[{"href":"https:\/\/gerhardklassen.com\/zh\/wp-json\/wp\/v2\/pages"}],"about":[{"href":"https:\/\/gerhardklassen.com\/zh\/wp-json\/wp\/v2\/types\/page"}],"author":[{"embeddable":true,"href":"https:\/\/gerhardklassen.com\/zh\/wp-json\/wp\/v2\/users\/18"}],"replies":[{"embeddable":true,"href":"https:\/\/gerhardklassen.com\/zh\/wp-json\/wp\/v2\/comments?post=613"}],"version-history":[{"count":9,"href":"https:\/\/gerhardklassen.com\/zh\/wp-json\/wp\/v2\/pages\/613\/revisions"}],"predecessor-version":[{"id":1530,"href":"https:\/\/gerhardklassen.com\/zh\/wp-json\/wp\/v2\/pages\/613\/revisions\/1530"}],"wp:attachment":[{"href":"https:\/\/gerhardklassen.com\/zh\/wp-json\/wp\/v2\/media?parent=613"}],"curies":[{"name":"wp","href":"https:\/\/api.w.org\/{rel}","templated":true}]}}